{"id":3561,"date":"2024-07-23T14:34:39","date_gmt":"2024-07-23T12:34:39","guid":{"rendered":"https:\/\/aide.nextore.fr\/?page_id=3561"},"modified":"2024-07-23T14:39:37","modified_gmt":"2024-07-23T12:39:37","slug":"modifier-commande","status":"publish","type":"page","link":"https:\/\/aide.nextore.fr\/index.php\/modifier-commande\/","title":{"rendered":"Modifier commande"},"content":{"rendered":"<div id='sub_menu1'  class='av-submenu-container av-wlasvt-fda21cae6d6eac23c5a15e392f2bb085 footer_color  avia-builder-el-0  el_before_av_section  avia-builder-el-first  container_wrap fullsize' style='z-index:301' ><div class='container av-menu-mobile-disabled av-submenu-pos-center'><ul id='av-custom-submenu-1' class='av-subnav-menu' role='menu'>\n<li class='menu-item av-vdmvdl-129c180599ad123375c7d1b07f364d6d menu-item-top-level menu-item-top-level-1' role='menuitem'><a href='#listeproduits'  ><span class='avia-bullet'><\/span><span class='avia-menu-text'>4.1.1 Liste produits<\/span><\/a><\/li>\n<li class='menu-item av-t8eb2h-061fcae7b1b222751db2c2df82148635 menu-item-top-level menu-item-top-level-2' role='menuitem'><a href='#typeproduit'  ><span class='avia-bullet'><\/span><span class='avia-menu-text'>4.1.2 Ajouter un produit<\/span><\/a><\/li>\n<li class='menu-item av-qy0cdl-475b2072384d771a3f12cd30c91e1bb6 menu-item-top-level menu-item-top-level-3' role='menuitem'><a href='#plusieursproduits'  ><span class='avia-bullet'><\/span><span class='avia-menu-text'>4.1.3 Ajouter plusieurs produits<\/span><\/a><\/li>\n<li class='menu-item av-peobex-cf813ca7e46608e9d8f4cf6b09520f0e menu-item-top-level menu-item-top-level-4' role='menuitem'><a href='#importproduits'  ><span class='avia-bullet'><\/span><span class='avia-menu-text'>4.1.4 Importer produits<\/span><\/a><\/li>\n<li class='menu-item av-o5csuh-c7b9cc9eab6844df438b39dcf0806fb4 menu-item-top-level menu-item-top-level-5' role='menuitem'><a href='#modifierproduits'  ><span class='avia-bullet'><\/span><span class='avia-menu-text'>4.1.5 Modifier produits<\/span><\/a><\/li>\n<li class='menu-item av-mpd8ax-6eaea3662ad7b867d56fa0a03732bbe2 menu-item-top-level menu-item-top-level-6' role='menuitem'><a href='#promotions'  ><span class='avia-bullet'><\/span><span class='avia-menu-text'>4.1.6 Promotions<\/span><\/a><\/li>\n<li class='menu-item av-le2cah-7e86333a7cf93d594e4d5e471f05c382 menu-item-top-level menu-item-top-level-7' role='menuitem'><a href='#modifierstocks'  ><span class='avia-bullet'><\/span><span class='avia-menu-text'>4.1.7 Modifier stocks<\/span><\/a><\/li>\n<li class='menu-item av-ipkek9-e2728343956196b4ebea6e1dee1546d7 menu-item-top-level menu-item-top-level-8' role='menuitem'><a href='#mouvementsstock'  ><span class='avia-bullet'><\/span><span class='avia-menu-text'>4.1.8 Mouvements stocks<\/span><\/a><\/li>\n<li class='menu-item av-hmvfyh-56603fa1306f21b08eb7282b94fe1b33 menu-item-top-level menu-item-top-level-9' role='menuitem'><a href='#dluoproduits'  ><span class='avia-bullet'><\/span><span class='avia-menu-text'>4.1.9 DLUO produits<\/span><\/a><\/li>\n<li class='menu-item av-g1mefd-27f8f93146c3ed2b299323b99a03ae27 menu-item-top-level menu-item-top-level-10' role='menuitem'><a href='#placementproduits'  ><span class='avia-bullet'><\/span><span class='avia-menu-text'>4.1.10 Placement produits<\/span><\/a><\/li>\n<li class='menu-item av-eajivt-289b8bb048ba8eb99e35741ac7d9a5b9 menu-item-top-level menu-item-top-level-11' role='menuitem'><a href='#inventaire'  ><span class='avia-bullet'><\/span><span class='avia-menu-text'>4.1.11 Inventaire<\/span><\/a><\/li>\n<li class='menu-item av-cdobc9-20f4c5ba9b808b931afcabaf2379cdd7 menu-item-top-level menu-item-top-level-12' role='menuitem'><a href='#listeinventaire'  ><span class='avia-bullet'><\/span><span class='avia-menu-text'>4.1.12 Liste inventaire<\/span><\/a><\/li>\n<li class='menu-item av-bjyzyx-358e9a4812d7da55dbbbcb71dd335ac1 menu-item-top-level menu-item-top-level-13' role='menuitem'><a href='#imprimer'  ><span class='avia-bullet'><\/span><span class='avia-menu-text'>4.1.13 Imprimer \u00e9tiquettes<\/span><\/a><\/li>\n<\/ul><\/div><\/div>\n\n<style type=\"text\/css\" data-created_by=\"avia_inline_auto\" id=\"style-css-av-xtxc9-aedee5c6e321046a4c57626a513290b3\">\n.avia-section.av-xtxc9-aedee5c6e321046a4c57626a513290b3 .av-extra-border-element .av-extra-border-inner{\nbackground-color:#ffffff;\n}\n<\/style>\n<div id='listeproduits'  class='avia-section av-xtxc9-aedee5c6e321046a4c57626a513290b3 main_color avia-section-default avia-no-border-styling  avia-builder-el-1  el_after_av_submenu  avia-builder-el-last  avia-bg-style-scroll av-arrow-down-section container_wrap fullsize'  ><div class='container av-section-cont-open' ><div class='template-page content  av-content-full alpha units'><div class='post-entry post-entry-type-page post-entry-3561'><div class='entry-content-wrapper clearfix'>\n\n<style type=\"text\/css\" data-created_by=\"avia_inline_auto\" id=\"style-css-av-7nt4qh-cfb512e107e2c6295a87acff43929a21\">\n.flex_column.av-7nt4qh-cfb512e107e2c6295a87acff43929a21{\nborder-radius:0px 0px 0px 0px;\npadding:0px 0px 0px 0px;\n}\n<\/style>\n<div  class='flex_column av-7nt4qh-cfb512e107e2c6295a87acff43929a21 av_one_full  avia-builder-el-2  el_before_av_three_fifth  avia-builder-el-first  first flex_column_div av-zero-column-padding  '     ><p>\n<style type=\"text\/css\" data-created_by=\"avia_inline_auto\" id=\"style-css-av-lyydtld6-4f4cb93d6c9590e9eb6921c09310f8e3\">\n#top .av-special-heading.av-lyydtld6-4f4cb93d6c9590e9eb6921c09310f8e3{\npadding-bottom:0;\n}\nbody .av-special-heading.av-lyydtld6-4f4cb93d6c9590e9eb6921c09310f8e3 .av-special-heading-tag .heading-char{\nfont-size:25px;\n}\n.av-special-heading.av-lyydtld6-4f4cb93d6c9590e9eb6921c09310f8e3 .av-subheading{\nfont-size:15px;\n}\n<\/style>\n<div  class='av-special-heading av-lyydtld6-4f4cb93d6c9590e9eb6921c09310f8e3 av-special-heading-h3 blockquote modern-quote  avia-builder-el-3  el_before_av_hr  avia-builder-el-first '><h3 class='av-special-heading-tag '  itemprop=\"headline\"  >MODIFIER COMMANDE<\/h3><div class=\"special-heading-border\"><div class=\"special-heading-inner-border\"><\/div><\/div><\/div><br \/>\n\n<style type=\"text\/css\" data-created_by=\"avia_inline_auto\" id=\"style-css-av-5shfnd-30cddf3a798be0a11f29b87cce897108\">\n#top .hr.av-5shfnd-30cddf3a798be0a11f29b87cce897108{\nmargin-top:0px;\nmargin-bottom:10px;\n}\n.hr.av-5shfnd-30cddf3a798be0a11f29b87cce897108 .hr-inner{\nwidth:100px;\nborder-color:#000000;\n}\n<\/style>\n<div  class='hr av-5shfnd-30cddf3a798be0a11f29b87cce897108 hr-custom  avia-builder-el-4  el_after_av_heading  avia-builder-el-last  hr-left hr-icon-no'><span class='hr-inner inner-border-av-border-fat'><span class=\"hr-inner-style\"><\/span><\/span><\/div><\/p><\/div>\n<style type=\"text\/css\" data-created_by=\"avia_inline_auto\" id=\"style-css-av-3wqb09-0af5cb88dcb47784871c4b98f0c047b3\">\n.flex_column.av-3wqb09-0af5cb88dcb47784871c4b98f0c047b3{\nborder-radius:0px 0px 0px 0px;\npadding:0px 0px 0px 0px;\n}\n<\/style>\n<div  class='flex_column av-3wqb09-0af5cb88dcb47784871c4b98f0c047b3 av_three_fifth  avia-builder-el-5  el_after_av_one_full  el_before_av_two_fifth  first flex_column_div av-zero-column-padding  column-top-margin'     ><style type=\"text\/css\" data-created_by=\"avia_inline_auto\" id=\"style-css-sub-av-lyydw4gq-83cc6bd9951070dcce4582eb2d21dd65\">\n.av-hotspot-image-container .av-image-hotspot.av-lyyduuk9-12dffd93c1bb6a74460778a7d698f18b{\ntop:15.1%;\nleft:49.1%;\n}\n.av-hotspot-image-container .av-image-hotspot.av-lyyduuk9-12dffd93c1bb6a74460778a7d698f18b .av-image-hotspot_inner{\nbackground-color:#323232;\ncolor:#ffffff;\n}\n.av-hotspot-image-container .av-image-hotspot.av-lyyduuk9-30-2b07fdd8013f1df2b136b66a14f53f53{\ntop:30%;\nleft:35.3%;\n}\n.av-hotspot-image-container .av-image-hotspot.av-lyyduuk9-30-2b07fdd8013f1df2b136b66a14f53f53 .av-image-hotspot_inner{\nbackground-color:#323232;\ncolor:#ffffff;\n}\n.av-hotspot-image-container .av-image-hotspot.av-lyyduuk9-29-b1f5232039c656dc1e900c01a7fefabe{\ntop:39.5%;\nleft:29.4%;\n}\n.av-hotspot-image-container .av-image-hotspot.av-lyyduuk9-29-b1f5232039c656dc1e900c01a7fefabe .av-image-hotspot_inner{\nbackground-color:#323232;\ncolor:#ffffff;\n}\n.av-hotspot-image-container .av-image-hotspot.av-lyyduuk9-28-74e8401be2bc2bda1b47bbc8a1aaad1c{\ntop:53.5%;\nleft:35.8%;\n}\n.av-hotspot-image-container .av-image-hotspot.av-lyyduuk9-28-74e8401be2bc2bda1b47bbc8a1aaad1c .av-image-hotspot_inner{\nbackground-color:#323232;\ncolor:#ffffff;\n}\n.av-hotspot-image-container .av-image-hotspot.av-lyyduuk9-27-d7791f6dfd791d19f7f49813d15e91eb{\ntop:73.6%;\nleft:21.6%;\n}\n.av-hotspot-image-container .av-image-hotspot.av-lyyduuk9-27-d7791f6dfd791d19f7f49813d15e91eb .av-image-hotspot_inner{\nbackground-color:#323232;\ncolor:#ffffff;\n}\n.av-hotspot-image-container .av-image-hotspot.av-lyyduuk9-26-1aecda26b1a3ae10ae3f5ee970b5148c{\ntop:88.4%;\nleft:15.2%;\n}\n.av-hotspot-image-container .av-image-hotspot.av-lyyduuk9-26-1aecda26b1a3ae10ae3f5ee970b5148c .av-image-hotspot_inner{\nbackground-color:#323232;\ncolor:#ffffff;\n}\n.av-hotspot-image-container .av-image-hotspot.av-lyyduuk9-25-b1f081d9d73fcebc0e5b0241ba747fc9{\ntop:85.8%;\nleft:26.5%;\n}\n.av-hotspot-image-container .av-image-hotspot.av-lyyduuk9-25-b1f081d9d73fcebc0e5b0241ba747fc9 .av-image-hotspot_inner{\nbackground-color:#323232;\ncolor:#ffffff;\n}\n.av-hotspot-image-container .av-image-hotspot.av-lyyduuk9-24-5aa9c882856df0e2be8123ac51dc9925{\ntop:79.7%;\nleft:88.3%;\n}\n.av-hotspot-image-container .av-image-hotspot.av-lyyduuk9-24-5aa9c882856df0e2be8123ac51dc9925 .av-image-hotspot_inner{\nbackground-color:#323232;\ncolor:#ffffff;\n}\n<\/style>\n<div  class='av-hotspot-image-container av-lyydw4gq-83cc6bd9951070dcce4582eb2d21dd65  avia-builder-el-6  avia-builder-el-no-sibling  av-hotspot-numbered avia_animated_image avia_animate_when_almost_visible fade-in av-mobile-fallback-active  av-non-fullwidth-hotspot-image'  itemprop=\"image\" itemscope=\"itemscope\" itemtype=\"https:\/\/schema.org\/ImageObject\" ><div class='av-hotspot-container'><div class='av-hotspot-container-inner-cell'><div class='av-hotspot-container-inner-wrap'><div class='av-image-hotspot av-lyyduuk9-12dffd93c1bb6a74460778a7d698f18b av-image-hotspot-1 ' data-avia-tooltip-position='left' data-avia-tooltip-alignment='centered' data-avia-tooltip-class='av-tt-default-width av-tt-pos-left av-tt-align-centered  av-mobile-fallback-active  transparent_dark av-tt-hotspot' data-avia-tooltip=''><div class='av-image-hotspot_inner'>1<\/div><div class='av-image-hotspot-pulse'><\/div><\/div><div class='av-image-hotspot av-lyyduuk9-30-2b07fdd8013f1df2b136b66a14f53f53 av-image-hotspot-2 ' data-avia-tooltip-position='left' data-avia-tooltip-alignment='centered' data-avia-tooltip-class='av-tt-default-width av-tt-pos-left av-tt-align-centered  av-mobile-fallback-active  transparent_dark av-tt-hotspot' data-avia-tooltip=''><div class='av-image-hotspot_inner'>2<\/div><div class='av-image-hotspot-pulse'><\/div><\/div><div class='av-image-hotspot av-lyyduuk9-29-b1f5232039c656dc1e900c01a7fefabe av-image-hotspot-3 ' data-avia-tooltip-position='left' data-avia-tooltip-alignment='centered' data-avia-tooltip-class='av-tt-default-width av-tt-pos-left av-tt-align-centered  av-mobile-fallback-active  transparent_dark av-tt-hotspot' data-avia-tooltip=''><div class='av-image-hotspot_inner'>3<\/div><div class='av-image-hotspot-pulse'><\/div><\/div><div class='av-image-hotspot av-lyyduuk9-28-74e8401be2bc2bda1b47bbc8a1aaad1c av-image-hotspot-4 ' data-avia-tooltip-position='left' data-avia-tooltip-alignment='centered' data-avia-tooltip-class='av-tt-default-width av-tt-pos-left av-tt-align-centered  av-mobile-fallback-active  transparent_dark av-tt-hotspot' data-avia-tooltip=''><div class='av-image-hotspot_inner'>4<\/div><div class='av-image-hotspot-pulse'><\/div><\/div><div class='av-image-hotspot av-lyyduuk9-27-d7791f6dfd791d19f7f49813d15e91eb av-image-hotspot-5 ' data-avia-tooltip-position='left' data-avia-tooltip-alignment='centered' data-avia-tooltip-class='av-tt-default-width av-tt-pos-left av-tt-align-centered  av-mobile-fallback-active  transparent_dark av-tt-hotspot' data-avia-tooltip=''><div class='av-image-hotspot_inner'>5<\/div><div class='av-image-hotspot-pulse'><\/div><\/div><div class='av-image-hotspot av-lyyduuk9-26-1aecda26b1a3ae10ae3f5ee970b5148c av-image-hotspot-6 ' data-avia-tooltip-position='left' data-avia-tooltip-alignment='centered' data-avia-tooltip-class='av-tt-default-width av-tt-pos-left av-tt-align-centered  av-mobile-fallback-active  transparent_dark av-tt-hotspot' data-avia-tooltip=''><div class='av-image-hotspot_inner'>6<\/div><div class='av-image-hotspot-pulse'><\/div><\/div><div class='av-image-hotspot av-lyyduuk9-25-b1f081d9d73fcebc0e5b0241ba747fc9 av-image-hotspot-7 ' data-avia-tooltip-position='left' data-avia-tooltip-alignment='centered' data-avia-tooltip-class='av-tt-default-width av-tt-pos-left av-tt-align-centered  av-mobile-fallback-active  transparent_dark av-tt-hotspot' data-avia-tooltip=''><div class='av-image-hotspot_inner'>7<\/div><div class='av-image-hotspot-pulse'><\/div><\/div><div class='av-image-hotspot av-lyyduuk9-24-5aa9c882856df0e2be8123ac51dc9925 av-image-hotspot-8 ' data-avia-tooltip-position='left' data-avia-tooltip-alignment='centered' data-avia-tooltip-class='av-tt-default-width av-tt-pos-left av-tt-align-centered  av-mobile-fallback-active  transparent_dark av-tt-hotspot' data-avia-tooltip=''><div class='av-image-hotspot_inner'>8<\/div><div class='av-image-hotspot-pulse'><\/div><\/div><img decoding=\"async\" fetchpriority=\"high\" class='wp-image-3562 avia-img-lazy-loading-not-3562 avia_image' src=\"https:\/\/aide.nextore.fr\/wp-content\/uploads\/2024\/07\/Modifier_Commande.png\" alt='' title='Modifier_Commande'  height=\"1079\" width=\"1919\"  itemprop=\"thumbnailUrl\" srcset=\"https:\/\/aide.nextore.fr\/wp-content\/uploads\/2024\/07\/Modifier_Commande.png 1919w, https:\/\/aide.nextore.fr\/wp-content\/uploads\/2024\/07\/Modifier_Commande-300x169.png 300w, https:\/\/aide.nextore.fr\/wp-content\/uploads\/2024\/07\/Modifier_Commande-1030x579.png 1030w, https:\/\/aide.nextore.fr\/wp-content\/uploads\/2024\/07\/Modifier_Commande-768x432.png 768w, https:\/\/aide.nextore.fr\/wp-content\/uploads\/2024\/07\/Modifier_Commande-1536x864.png 1536w, https:\/\/aide.nextore.fr\/wp-content\/uploads\/2024\/07\/Modifier_Commande-1500x843.png 1500w, https:\/\/aide.nextore.fr\/wp-content\/uploads\/2024\/07\/Modifier_Commande-705x396.png 705w\" sizes=\"(max-width: 1919px) 100vw, 1919px\" \/><\/div><\/div><\/div><\/div><\/div>\n<style type=\"text\/css\" data-created_by=\"avia_inline_auto\" id=\"style-css-av-1tt48p-d4153ba1e7850664df86aaf34335ab8a\">\n.flex_column.av-1tt48p-d4153ba1e7850664df86aaf34335ab8a{\nborder-radius:0px 0px 0px 0px;\npadding:0px 0px 0px 0px;\n}\n<\/style>\n<div  class='flex_column av-1tt48p-d4153ba1e7850664df86aaf34335ab8a av_two_fifth  avia-builder-el-7  el_after_av_three_fifth  avia-builder-el-last  flex_column_div av-zero-column-padding  column-top-margin'     ><div  class='togglecontainer av-lyyee6mj-f2c91aa897249b01935185e87d2d7c5c  avia-builder-el-8  avia-builder-el-no-sibling  toggle_close_all' >\n<section class='av_toggle_section av-lyye0jem-43b3bac20ec266955729a44611ed218a'  itemscope=\"itemscope\" itemtype=\"https:\/\/schema.org\/CreativeWork\" ><div role=\"tablist\" class=\"single_toggle\" data-tags=\"{Tout} \"  ><p id='toggle-toggle-id-1' data-fake-id='#toggle-id-1' class='toggler  activeTitle av-title-above '  itemprop=\"headline\"  role='tab' tabindex='0' aria-controls='toggle-id-1' data-slide-speed=\"200\" data-title=\"1. Informations de la commande\" data-title-open=\"\">1. Informations de la commande<span class=\"toggle_icon\"><span class=\"vert_icon\"><\/span><span class=\"hor_icon\"><\/span><\/span><\/p><div id='toggle-id-1' aria-labelledby='toggle-toggle-id-1' role='region' class='toggle_wrap  active_tc av-title-above' style='display:block;' ><div class='toggle_content invers-color '  itemprop=\"text\" ><p>Vous pouvez renseigner diff\u00e9rentes informations sur la commande comme sa\u00a0<strong>date de cr\u00e9ation<\/strong>, son <strong>num\u00e9ro de r\u00e9f\u00e9rence<\/strong>, le\u00a0<strong>caissier<\/strong> associ\u00e9, la\u00a0<strong>caisse<\/strong> associ\u00e9e, ainsi que la\u00a0<strong>date de disponibilit\u00e9<\/strong>.<\/p>\n<\/div><\/div><\/div><\/section>\n<section class='av_toggle_section av-lyye39ze-aa76f8be2284e0d735a007ce92a0fe8a'  itemscope=\"itemscope\" itemtype=\"https:\/\/schema.org\/CreativeWork\" ><div role=\"tablist\" class=\"single_toggle\" data-tags=\"{Tout} \"  ><p id='toggle-toggle-id-2' data-fake-id='#toggle-id-2' class='toggler  av-title-above '  itemprop=\"headline\"  role='tab' tabindex='0' aria-controls='toggle-id-2' data-slide-speed=\"200\" data-title=\"2. Informations entrep\u00f4t et client\" data-title-open=\"\">2. Informations entrep\u00f4t et client<span class=\"toggle_icon\"><span class=\"vert_icon\"><\/span><span class=\"hor_icon\"><\/span><\/span><\/p><div id='toggle-id-2' aria-labelledby='toggle-toggle-id-2' role='region' class='toggle_wrap  av-title-above'  ><div class='toggle_content invers-color '  itemprop=\"text\" ><p>Vous devez choisir un <strong>entrep\u00f4t<\/strong> depuis lequel les produits seront retir\u00e9s pour la commande, ainsi que le <strong>client<\/strong> qui r\u00e9alise la commande.<\/p>\n<p><span style=\"text-decoration: underline;\">Remarque :<\/span> Vous pouvez cliquer sur l&rsquo;ic\u00f4ne de cadenas afin de rendre le choix de client possible si le champ client est gris\u00e9.<\/p>\n<\/div><\/div><\/div><\/section>\n<section class='av_toggle_section av-lyye5llm-426910d2785cbda185d1f741854aaea2'  itemscope=\"itemscope\" itemtype=\"https:\/\/schema.org\/CreativeWork\" ><div role=\"tablist\" class=\"single_toggle\" data-tags=\"{Tout} \"  ><p id='toggle-toggle-id-3' data-fake-id='#toggle-id-3' class='toggler  av-title-above '  itemprop=\"headline\"  role='tab' tabindex='0' aria-controls='toggle-id-3' data-slide-speed=\"200\" data-title=\"3. Ajouter des produits\" data-title-open=\"\">3. Ajouter des produits<span class=\"toggle_icon\"><span class=\"vert_icon\"><\/span><span class=\"hor_icon\"><\/span><\/span><\/p><div id='toggle-id-3' aria-labelledby='toggle-toggle-id-3' role='region' class='toggle_wrap  av-title-above'  ><div class='toggle_content invers-color '  itemprop=\"text\" ><p>Vous pouvez utiliser la <strong>barre de recherche<\/strong> afin d&rsquo;ajouter des produits \u00e0 la commande.<\/p>\n<\/div><\/div><\/div><\/section>\n<section class='av_toggle_section av-lyyeabyc-7e5f4f21468bcffb2e0bf1b73a30c8d7'  itemscope=\"itemscope\" itemtype=\"https:\/\/schema.org\/CreativeWork\" ><div role=\"tablist\" class=\"single_toggle\" data-tags=\"{Tout} \"  ><p id='toggle-toggle-id-4' data-fake-id='#toggle-id-4' class='toggler  av-title-above '  itemprop=\"headline\"  role='tab' tabindex='0' aria-controls='toggle-id-4' data-slide-speed=\"200\" data-title=\"4. Modifier les produits\" data-title-open=\"\">4. Modifier les produits<span class=\"toggle_icon\"><span class=\"vert_icon\"><\/span><span class=\"hor_icon\"><\/span><\/span><\/p><div id='toggle-id-4' aria-labelledby='toggle-toggle-id-4' role='region' class='toggle_wrap  av-title-above'  ><div class='toggle_content invers-color '  itemprop=\"text\" ><p>Vous pouvez voir diff\u00e9rentes informations sur les produits de la commande. Vous pouvez <strong>supprimer<\/strong> certains produits avec l&rsquo;<strong>ic\u00f4ne croix<\/strong> en fin de ligne des produits ou encore <strong>modifier les quantit\u00e9s<\/strong> de chaque produit dans la commande.<\/p>\n<p><span style=\"text-decoration: underline;\">Remarque :<\/span> Vous pouvez utiliser le bouton <strong>Qt\u00e9 = 0<\/strong> afin de mettre la <strong>Quantit\u00e9 Bon de livraison<\/strong> \u00e0 z\u00e9ro.<\/p>\n<\/div><\/div><\/div><\/section>\n<section class='av_toggle_section av-lyyeabyc-23-ce92903440b315a15dcf17c60d8f8386'  itemscope=\"itemscope\" itemtype=\"https:\/\/schema.org\/CreativeWork\" ><div role=\"tablist\" class=\"single_toggle\" data-tags=\"{Tout} \"  ><p id='toggle-toggle-id-5' data-fake-id='#toggle-id-5' class='toggler  av-title-above '  itemprop=\"headline\"  role='tab' tabindex='0' aria-controls='toggle-id-5' data-slide-speed=\"200\" data-title=\"5. Ajouter une note\" data-title-open=\"\">5. Ajouter une note<span class=\"toggle_icon\"><span class=\"vert_icon\"><\/span><span class=\"hor_icon\"><\/span><\/span><\/p><div id='toggle-id-5' aria-labelledby='toggle-toggle-id-5' role='region' class='toggle_wrap  av-title-above'  ><div class='toggle_content invers-color '  itemprop=\"text\" ><p>Vous pouvez\u00a0<strong>ajouter une note<\/strong> \u00e0 la commande.<\/p>\n<\/div><\/div><\/div><\/section>\n<section class='av_toggle_section av-lyyeabyc-22-522219ced98c9e1cc319af8d8e34c854'  itemscope=\"itemscope\" itemtype=\"https:\/\/schema.org\/CreativeWork\" ><div role=\"tablist\" class=\"single_toggle\" data-tags=\"{Tout} \"  ><p id='toggle-toggle-id-6' data-fake-id='#toggle-id-6' class='toggler  av-title-above '  itemprop=\"headline\"  role='tab' tabindex='0' aria-controls='toggle-id-6' data-slide-speed=\"200\" data-title=\"6. G\u00e9n\u00e9rer un bon de livraison\" data-title-open=\"\">6. G\u00e9n\u00e9rer un bon de livraison<span class=\"toggle_icon\"><span class=\"vert_icon\"><\/span><span class=\"hor_icon\"><\/span><\/span><\/p><div id='toggle-id-6' aria-labelledby='toggle-toggle-id-6' role='region' class='toggle_wrap  av-title-above'  ><div class='toggle_content invers-color '  itemprop=\"text\" ><p>Vous pouvez cocher la case\u00a0<strong>G\u00e9n\u00e9rer un bon de livraison<\/strong> pour g\u00e9n\u00e9rer un bon de livraison \u00e0 la validation.<\/p>\n<\/div><\/div><\/div><\/section>\n<section class='av_toggle_section av-lyyeabyc-21-3c81619731a7cf79aa07c3d11175cfe4'  itemscope=\"itemscope\" itemtype=\"https:\/\/schema.org\/CreativeWork\" ><div role=\"tablist\" class=\"single_toggle\" data-tags=\"{Tout} \"  ><p id='toggle-toggle-id-7' data-fake-id='#toggle-id-7' class='toggler  av-title-above '  itemprop=\"headline\"  role='tab' tabindex='0' aria-controls='toggle-id-7' data-slide-speed=\"200\" data-title=\"7. Valider les modififcations\" data-title-open=\"\">7. Valider les modififcations<span class=\"toggle_icon\"><span class=\"vert_icon\"><\/span><span class=\"hor_icon\"><\/span><\/span><\/p><div id='toggle-id-7' aria-labelledby='toggle-toggle-id-7' role='region' class='toggle_wrap  av-title-above'  ><div class='toggle_content invers-color '  itemprop=\"text\" ><p>Vous pouvez cliquer sur le bouton\u00a0<strong>Valider\u00a0<\/strong>afin d&rsquo;enregistrer vos modifications.<\/p>\n<\/div><\/div><\/div><\/section>\n<section class='av_toggle_section av-lyyeabyc-20-54984eb61a44b58536a5f55a62a8b550'  itemscope=\"itemscope\" itemtype=\"https:\/\/schema.org\/CreativeWork\" ><div role=\"tablist\" class=\"single_toggle\" data-tags=\"{Tout} \"  ><p id='toggle-toggle-id-8' data-fake-id='#toggle-id-8' class='toggler  av-title-above '  itemprop=\"headline\"  role='tab' tabindex='0' aria-controls='toggle-id-8' data-slide-speed=\"200\" data-title=\"8. Annuler les modifications\" data-title-open=\"\">8. Annuler les modifications<span class=\"toggle_icon\"><span class=\"vert_icon\"><\/span><span class=\"hor_icon\"><\/span><\/span><\/p><div id='toggle-id-8' aria-labelledby='toggle-toggle-id-8' role='region' class='toggle_wrap  av-title-above'  ><div class='toggle_content invers-color '  itemprop=\"text\" ><p>Vous pouvez cliquer sur le bouton\u00a0<strong>R\u00e9initialiser<\/strong> afin d&rsquo;annuler toutes vos modifications.<\/p>\n<\/div><\/div><\/div><\/section>\n<\/div><\/div>\n","protected":false},"excerpt":{"rendered":"","protected":false},"author":1,"featured_media":0,"parent":0,"menu_order":0,"comment_status":"closed","ping_status":"closed","template":"","meta":{"footnotes":""},"class_list":["post-3561","page","type-page","status-publish","hentry"],"_links":{"self":[{"href":"https:\/\/aide.nextore.fr\/index.php\/wp-json\/wp\/v2\/pages\/3561"}],"collection":[{"href":"https:\/\/aide.nextore.fr\/index.php\/wp-json\/wp\/v2\/pages"}],"about":[{"href":"https:\/\/aide.nextore.fr\/index.php\/wp-json\/wp\/v2\/types\/page"}],"author":[{"embeddable":true,"href":"https:\/\/aide.nextore.fr\/index.php\/wp-json\/wp\/v2\/users\/1"}],"replies":[{"embeddable":true,"href":"https:\/\/aide.nextore.fr\/index.php\/wp-json\/wp\/v2\/comments?post=3561"}],"version-history":[{"count":2,"href":"https:\/\/aide.nextore.fr\/index.php\/wp-json\/wp\/v2\/pages\/3561\/revisions"}],"predecessor-version":[{"id":3565,"href":"https:\/\/aide.nextore.fr\/index.php\/wp-json\/wp\/v2\/pages\/3561\/revisions\/3565"}],"wp:attachment":[{"href":"https:\/\/aide.nextore.fr\/index.php\/wp-json\/wp\/v2\/media?parent=3561"}],"curies":[{"name":"wp","href":"https:\/\/api.w.org\/{rel}","templated":true}]}}