{"id":3552,"date":"2024-07-23T13:34:31","date_gmt":"2024-07-23T11:34:31","guid":{"rendered":"https:\/\/aide.nextore.fr\/?page_id=3552"},"modified":"2024-07-23T14:11:18","modified_gmt":"2024-07-23T12:11:18","slug":"preparation-commandes","status":"publish","type":"page","link":"https:\/\/aide.nextore.fr\/index.php\/preparation-commandes\/","title":{"rendered":"Pr\u00e9paration commandes"},"content":{"rendered":"\n<style type=\"text\/css\" data-created_by=\"avia_inline_auto\" id=\"style-css-av-av_section-9b789cc7cf8ad80b9690ea9a8b49c2af\">\n.avia-section.av-av_section-9b789cc7cf8ad80b9690ea9a8b49c2af .av-extra-border-element .av-extra-border-inner{\nbackground-color:#ffffff;\n}\n<\/style>\n<div id='listeproduits'  class='avia-section av-av_section-9b789cc7cf8ad80b9690ea9a8b49c2af main_color avia-section-default avia-no-border-styling  avia-builder-el-0  avia-builder-el-no-sibling  avia-bg-style-scroll av-arrow-down-section container_wrap fullsize'  ><div class='container av-section-cont-open' ><main  role=\"main\" itemprop=\"mainContentOfPage\"  class='template-page content  av-content-full alpha units'><div class='post-entry post-entry-type-page post-entry-3552'><div class='entry-content-wrapper clearfix'>\n\n<style type=\"text\/css\" data-created_by=\"avia_inline_auto\" id=\"style-css-av-av_one_full-068220c8262444be99a83ad265bdcedb\">\n.flex_column.av-av_one_full-068220c8262444be99a83ad265bdcedb{\nborder-radius:0px 0px 0px 0px;\npadding:0px 0px 0px 0px;\n}\n<\/style>\n<div  class='flex_column av-av_one_full-068220c8262444be99a83ad265bdcedb av_one_full  avia-builder-el-1  el_before_av_three_fifth  avia-builder-el-first  first flex_column_div av-zero-column-padding  '     ><p>\n<style type=\"text\/css\" data-created_by=\"avia_inline_auto\" id=\"style-css-av-lyydbsde-be66cdf3668c7ef8c43d740dca66ad73\">\n#top .av-special-heading.av-lyydbsde-be66cdf3668c7ef8c43d740dca66ad73{\npadding-bottom:0;\n}\nbody .av-special-heading.av-lyydbsde-be66cdf3668c7ef8c43d740dca66ad73 .av-special-heading-tag .heading-char{\nfont-size:25px;\n}\n.av-special-heading.av-lyydbsde-be66cdf3668c7ef8c43d740dca66ad73 .av-subheading{\nfont-size:15px;\n}\n<\/style>\n<div  class='av-special-heading av-lyydbsde-be66cdf3668c7ef8c43d740dca66ad73 av-special-heading-h3 blockquote modern-quote  avia-builder-el-2  el_before_av_hr  avia-builder-el-first '><h3 class='av-special-heading-tag '  itemprop=\"headline\"  >PREPARATION<\/h3><div class=\"special-heading-border\"><div class=\"special-heading-inner-border\"><\/div><\/div><\/div><br \/>\n\n<style type=\"text\/css\" data-created_by=\"avia_inline_auto\" id=\"style-css-av-av_hr-db708f71d656a1ccb4e3e43cea4817bd\">\n#top .hr.av-av_hr-db708f71d656a1ccb4e3e43cea4817bd{\nmargin-top:0px;\nmargin-bottom:10px;\n}\n.hr.av-av_hr-db708f71d656a1ccb4e3e43cea4817bd .hr-inner{\nwidth:100px;\nborder-color:#000000;\n}\n<\/style>\n<div  class='hr av-av_hr-db708f71d656a1ccb4e3e43cea4817bd hr-custom  avia-builder-el-3  el_after_av_heading  avia-builder-el-last  hr-left hr-icon-no'><span class='hr-inner inner-border-av-border-fat'><span class=\"hr-inner-style\"><\/span><\/span><\/div><\/p><\/div>\n<style type=\"text\/css\" data-created_by=\"avia_inline_auto\" id=\"style-css-av-av_three_fifth-068220c8262444be99a83ad265bdcedb\">\n.flex_column.av-av_three_fifth-068220c8262444be99a83ad265bdcedb{\nborder-radius:0px 0px 0px 0px;\npadding:0px 0px 0px 0px;\n}\n<\/style>\n<div  class='flex_column av-av_three_fifth-068220c8262444be99a83ad265bdcedb av_three_fifth  avia-builder-el-4  el_after_av_one_full  el_before_av_two_fifth  first flex_column_div av-zero-column-padding  column-top-margin'     ><style type=\"text\/css\" data-created_by=\"avia_inline_auto\" id=\"style-css-sub-av-lyydgh76-da0aae2e90bf13a7c794e92df6260eee\">\n.av-hotspot-image-container .av-image-hotspot.av-lyydfxjb-1523de960488c6fd9571410630a980d4{\ntop:16.8%;\nleft:82%;\n}\n.av-hotspot-image-container .av-image-hotspot.av-lyydfxjb-1523de960488c6fd9571410630a980d4 .av-image-hotspot_inner{\nbackground-color:#323232;\ncolor:#ffffff;\n}\n.av-hotspot-image-container .av-image-hotspot.av-lyydfxjb-e4bb22e54afa96a88b8cfb3977002d84{\ntop:15.9%;\nleft:28.9%;\n}\n.av-hotspot-image-container .av-image-hotspot.av-lyydfxjb-e4bb22e54afa96a88b8cfb3977002d84 .av-image-hotspot_inner{\nbackground-color:#323232;\ncolor:#ffffff;\n}\n.av-hotspot-image-container .av-image-hotspot.av-lyydfxjb-d76646e3085beb1cead17fb274b083b5{\ntop:46.5%;\nleft:39.2%;\n}\n.av-hotspot-image-container .av-image-hotspot.av-lyydfxjb-d76646e3085beb1cead17fb274b083b5 .av-image-hotspot_inner{\nbackground-color:#323232;\ncolor:#ffffff;\n}\n<\/style>\n<div  class='av-hotspot-image-container av-lyydgh76-da0aae2e90bf13a7c794e92df6260eee  avia-builder-el-5  avia-builder-el-no-sibling  av-hotspot-numbered avia_animated_image avia_animate_when_almost_visible fade-in av-mobile-fallback-active  av-non-fullwidth-hotspot-image'  itemprop=\"image\" itemscope=\"itemscope\" itemtype=\"https:\/\/schema.org\/ImageObject\" ><div class='av-hotspot-container'><div class='av-hotspot-container-inner-cell'><div class='av-hotspot-container-inner-wrap'><div class='av-image-hotspot av-lyydfxjb-1523de960488c6fd9571410630a980d4 av-image-hotspot-1 ' data-avia-tooltip-position='left' data-avia-tooltip-alignment='centered' data-avia-tooltip-class='av-tt-default-width av-tt-pos-left av-tt-align-centered  av-mobile-fallback-active  transparent_dark av-tt-hotspot' data-avia-tooltip=''><div class='av-image-hotspot_inner'>1<\/div><div class='av-image-hotspot-pulse'><\/div><\/div><div class='av-image-hotspot av-lyydfxjb-e4bb22e54afa96a88b8cfb3977002d84 av-image-hotspot-2 ' data-avia-tooltip-position='left' data-avia-tooltip-alignment='centered' data-avia-tooltip-class='av-tt-default-width av-tt-pos-left av-tt-align-centered  av-mobile-fallback-active  transparent_dark av-tt-hotspot' data-avia-tooltip=''><div class='av-image-hotspot_inner'>2<\/div><div class='av-image-hotspot-pulse'><\/div><\/div><div class='av-image-hotspot av-lyydfxjb-d76646e3085beb1cead17fb274b083b5 av-image-hotspot-3 ' data-avia-tooltip-position='left' data-avia-tooltip-alignment='centered' data-avia-tooltip-class='av-tt-default-width av-tt-pos-left av-tt-align-centered  av-mobile-fallback-active  transparent_dark av-tt-hotspot' data-avia-tooltip=''><div class='av-image-hotspot_inner'>3<\/div><div class='av-image-hotspot-pulse'><\/div><\/div><img decoding=\"async\" fetchpriority=\"high\" class='wp-image-3558 avia-img-lazy-loading-not-3558 avia_image' src=\"https:\/\/aide.nextore.fr\/wp-content\/uploads\/2024\/07\/Preparation_Commandes.png\" alt='' title='Pr\u00e9paration_Commandes'  height=\"1079\" width=\"1919\"  itemprop=\"thumbnailUrl\" srcset=\"https:\/\/aide.nextore.fr\/wp-content\/uploads\/2024\/07\/Preparation_Commandes.png 1919w, https:\/\/aide.nextore.fr\/wp-content\/uploads\/2024\/07\/Preparation_Commandes-300x169.png 300w, https:\/\/aide.nextore.fr\/wp-content\/uploads\/2024\/07\/Preparation_Commandes-1030x579.png 1030w, https:\/\/aide.nextore.fr\/wp-content\/uploads\/2024\/07\/Preparation_Commandes-768x432.png 768w, https:\/\/aide.nextore.fr\/wp-content\/uploads\/2024\/07\/Preparation_Commandes-1536x864.png 1536w, https:\/\/aide.nextore.fr\/wp-content\/uploads\/2024\/07\/Preparation_Commandes-1500x843.png 1500w, https:\/\/aide.nextore.fr\/wp-content\/uploads\/2024\/07\/Preparation_Commandes-705x396.png 705w\" sizes=\"(max-width: 1919px) 100vw, 1919px\" \/><\/div><\/div><\/div><\/div><\/div>\n<style type=\"text\/css\" data-created_by=\"avia_inline_auto\" id=\"style-css-av-av_two_fifth-e671fab5613f317ef63eb9ab712c64a3\">\n.flex_column.av-av_two_fifth-e671fab5613f317ef63eb9ab712c64a3{\nborder-radius:0px 0px 0px 0px;\npadding:0px 0px 0px 0px;\n}\n<\/style>\n<div  class='flex_column av-av_two_fifth-e671fab5613f317ef63eb9ab712c64a3 av_two_fifth  avia-builder-el-6  el_after_av_three_fifth  avia-builder-el-last  flex_column_div av-zero-column-padding  column-top-margin'     ><div  class='togglecontainer av-lyydk95e-bde81d098f19d1908592aea6be81eaec  avia-builder-el-7  avia-builder-el-no-sibling  toggle_close_all' >\n<section class='av_toggle_section av-lyydhcxm-b9241b935a5371871d2c5ff695bbf447'  itemscope=\"itemscope\" itemtype=\"https:\/\/schema.org\/CreativeWork\" ><div role=\"tablist\" class=\"single_toggle\" data-tags=\"{Tout} \"  ><p id='toggle-toggle-id-1' data-fake-id='#toggle-id-1' class='toggler  activeTitle av-title-above '  itemprop=\"headline\"  role='tab' tabindex='0' aria-controls='toggle-id-1' data-slide-speed=\"200\" data-title=\"1. Rechercher un produit\" data-title-open=\"\">1. Rechercher un produit<span class=\"toggle_icon\"><span class=\"vert_icon\"><\/span><span class=\"hor_icon\"><\/span><\/span><\/p><div id='toggle-id-1' aria-labelledby='toggle-toggle-id-1' role='region' class='toggle_wrap  active_tc av-title-above' style='display:block;' ><div class='toggle_content invers-color '  itemprop=\"text\" ><p>Vous pouvez\u00a0<strong>rechercher<\/strong> une pr\u00e9paration \u00e0 l\u2019aide de la <strong>barre de recherche<\/strong>.<\/p>\n<p>Il est \u00e9galement possible de rechercher les pr\u00e9parations \u00e0 l\u2019aide des barres de recherche de chaque caract\u00e9ristique sur les pr\u00e9parations.<\/p>\n<\/div><\/div><\/div><\/section>\n<section class='av_toggle_section av-lyydi7nq-fa834734b46eb0cbde09e680cfd4d261'  itemscope=\"itemscope\" itemtype=\"https:\/\/schema.org\/CreativeWork\" ><div role=\"tablist\" class=\"single_toggle\" data-tags=\"{Tout} \"  ><p id='toggle-toggle-id-2' data-fake-id='#toggle-id-2' class='toggler  av-title-above '  itemprop=\"headline\"  role='tab' tabindex='0' aria-controls='toggle-id-2' data-slide-speed=\"200\" data-title=\"2. T\u00e9l\u00e9charger la liste des pr\u00e9parations\" data-title-open=\"\">2. T\u00e9l\u00e9charger la liste des pr\u00e9parations<span class=\"toggle_icon\"><span class=\"vert_icon\"><\/span><span class=\"hor_icon\"><\/span><\/span><\/p><div id='toggle-id-2' aria-labelledby='toggle-toggle-id-2' role='region' class='toggle_wrap  av-title-above'  ><div class='toggle_content invers-color '  itemprop=\"text\" ><p>Vous pouvez <strong>t\u00e9l\u00e9charger<\/strong> la liste de toutes les pr\u00e9parations sur la page actuelle sous diff\u00e9rents formats, la <strong>copier<\/strong>\u00a0ou\u00a0<strong>l\u2019imprimer<\/strong>.<\/p>\n<p>Il est \u00e9galement possible de choisir le nombre de pr\u00e9parations affich\u00e9es par page.<\/p>\n<\/div><\/div><\/div><\/section>\n<section class='av_toggle_section av-lyydi7nq-51ef49ba97d6f1bce22c736545341094'  itemscope=\"itemscope\" itemtype=\"https:\/\/schema.org\/CreativeWork\" ><div role=\"tablist\" class=\"single_toggle\" data-tags=\"{Tout} \"  ><p id='toggle-toggle-id-3' data-fake-id='#toggle-id-3' class='toggler  av-title-above '  itemprop=\"headline\"  role='tab' tabindex='0' aria-controls='toggle-id-3' data-slide-speed=\"200\" data-title=\"3. D\u00e9tails d\u2019une pr\u00e9paration\" data-title-open=\"\">3. D\u00e9tails d\u2019une pr\u00e9paration<span class=\"toggle_icon\"><span class=\"vert_icon\"><\/span><span class=\"hor_icon\"><\/span><\/span><\/p><div id='toggle-id-3' aria-labelledby='toggle-toggle-id-3' role='region' class='toggle_wrap  av-title-above'  ><div class='toggle_content invers-color '  itemprop=\"text\" ><p>Vous pouvez voir les <strong>d\u00e9tails de pr\u00e9paration<\/strong> d&rsquo;un produit en cliquant dessus. Vous pourrez alors voir dans quelle commande doit \u00eatre ce produit, la quantit\u00e9 requise et pour quel client est la commande.<\/p>\n<\/div><\/div><\/div><\/section>\n<\/div><\/div>\n","protected":false},"excerpt":{"rendered":"","protected":false},"author":1,"featured_media":0,"parent":0,"menu_order":0,"comment_status":"closed","ping_status":"closed","template":"","meta":{"footnotes":""},"class_list":["post-3552","page","type-page","status-publish","hentry"],"_links":{"self":[{"href":"https:\/\/aide.nextore.fr\/index.php\/wp-json\/wp\/v2\/pages\/3552"}],"collection":[{"href":"https:\/\/aide.nextore.fr\/index.php\/wp-json\/wp\/v2\/pages"}],"about":[{"href":"https:\/\/aide.nextore.fr\/index.php\/wp-json\/wp\/v2\/types\/page"}],"author":[{"embeddable":true,"href":"https:\/\/aide.nextore.fr\/index.php\/wp-json\/wp\/v2\/users\/1"}],"replies":[{"embeddable":true,"href":"https:\/\/aide.nextore.fr\/index.php\/wp-json\/wp\/v2\/comments?post=3552"}],"version-history":[{"count":2,"href":"https:\/\/aide.nextore.fr\/index.php\/wp-json\/wp\/v2\/pages\/3552\/revisions"}],"predecessor-version":[{"id":3559,"href":"https:\/\/aide.nextore.fr\/index.php\/wp-json\/wp\/v2\/pages\/3552\/revisions\/3559"}],"wp:attachment":[{"href":"https:\/\/aide.nextore.fr\/index.php\/wp-json\/wp\/v2\/media?parent=3552"}],"curies":[{"name":"wp","href":"https:\/\/api.w.org\/{rel}","templated":true}]}}