{"id":3385,"date":"2024-06-28T10:09:10","date_gmt":"2024-06-28T08:09:10","guid":{"rendered":"https:\/\/aide.nextore.fr\/?page_id=3385"},"modified":"2025-09-29T16:55:14","modified_gmt":"2025-09-29T14:55:14","slug":"4-3-1-liste-devis-editer-un-devis","status":"publish","type":"page","link":"https:\/\/aide.nextore.fr\/index.php\/4-3-1-liste-devis-editer-un-devis\/","title":{"rendered":"Liste devis &#8211; Editer un devis"},"content":{"rendered":"\n<style type=\"text\/css\" data-created_by=\"avia_inline_auto\" id=\"style-css-av-9ri6g9-2a2cbab94743b0fc5efb0498d9671c93\">\n.avia-section.av-9ri6g9-2a2cbab94743b0fc5efb0498d9671c93 .av-extra-border-element .av-extra-border-inner{\nbackground-color:#ffffff;\n}\n<\/style>\n<div id='listeproduits'  class='avia-section av-9ri6g9-2a2cbab94743b0fc5efb0498d9671c93 main_color avia-section-default avia-no-border-styling  avia-builder-el-0  avia-builder-el-no-sibling  avia-bg-style-scroll av-arrow-down-section container_wrap fullsize'  ><div class='container av-section-cont-open' ><main  role=\"main\" itemprop=\"mainContentOfPage\"  class='template-page content  av-content-full alpha units'><div class='post-entry post-entry-type-page post-entry-3385'><div class='entry-content-wrapper clearfix'>\n\n<style type=\"text\/css\" data-created_by=\"avia_inline_auto\" id=\"style-css-av-seg61-38470306e4a0838af036f217cbc9d5f0\">\n.flex_column.av-seg61-38470306e4a0838af036f217cbc9d5f0{\nborder-radius:0px 0px 0px 0px;\npadding:0px 0px 0px 0px;\n}\n<\/style>\n<div  class='flex_column av-seg61-38470306e4a0838af036f217cbc9d5f0 av_one_full  avia-builder-el-1  el_before_av_three_fifth  avia-builder-el-first  first flex_column_div av-zero-column-padding  '     ><p>\n<style type=\"text\/css\" data-created_by=\"avia_inline_auto\" id=\"style-css-av-lxyec582-c0a7e2f4d6ffe3fbde808a975c1cd843\">\n#top .av-special-heading.av-lxyec582-c0a7e2f4d6ffe3fbde808a975c1cd843{\npadding-bottom:0;\n}\nbody .av-special-heading.av-lxyec582-c0a7e2f4d6ffe3fbde808a975c1cd843 .av-special-heading-tag .heading-char{\nfont-size:25px;\n}\n.av-special-heading.av-lxyec582-c0a7e2f4d6ffe3fbde808a975c1cd843 .av-subheading{\nfont-size:15px;\n}\n<\/style>\n<div  class='av-special-heading av-lxyec582-c0a7e2f4d6ffe3fbde808a975c1cd843 av-special-heading-h3 blockquote modern-quote  avia-builder-el-2  el_before_av_hr  avia-builder-el-first '><h3 class='av-special-heading-tag '  itemprop=\"headline\"  >EDITER UN DEVIS<\/h3><div class=\"special-heading-border\"><div class=\"special-heading-inner-border\"><\/div><\/div><\/div><br \/>\n\n<style type=\"text\/css\" data-created_by=\"avia_inline_auto\" id=\"style-css-av-nrp2x-e363a5f4177795ac2ddef18d4dc4c8a7\">\n#top .hr.av-nrp2x-e363a5f4177795ac2ddef18d4dc4c8a7{\nmargin-top:0px;\nmargin-bottom:10px;\n}\n.hr.av-nrp2x-e363a5f4177795ac2ddef18d4dc4c8a7 .hr-inner{\nwidth:100px;\nborder-color:#000000;\n}\n<\/style>\n<div  class='hr av-nrp2x-e363a5f4177795ac2ddef18d4dc4c8a7 hr-custom  avia-builder-el-3  el_after_av_heading  avia-builder-el-last  hr-left hr-icon-no'><span class='hr-inner inner-border-av-border-fat'><span class=\"hr-inner-style\"><\/span><\/span><\/div><\/p><\/div>\n<style type=\"text\/css\" data-created_by=\"avia_inline_auto\" id=\"style-css-av-3pjlll-c94d426dc6c9cbb57a0176b35bf0b8ac\">\n.flex_column.av-3pjlll-c94d426dc6c9cbb57a0176b35bf0b8ac{\nborder-radius:0px 0px 0px 0px;\npadding:0px 0px 0px 0px;\n}\n<\/style>\n<div  class='flex_column av-3pjlll-c94d426dc6c9cbb57a0176b35bf0b8ac av_three_fifth  avia-builder-el-4  el_after_av_one_full  el_before_av_two_fifth  first flex_column_div av-zero-column-padding  column-top-margin'     ><style type=\"text\/css\" data-created_by=\"avia_inline_auto\" id=\"style-css-sub-av-lxyeg3yq-7622223a35e6ec4d0fc2c8ed41f2030d\">\n.av-hotspot-image-container .av-image-hotspot.av-lxyef2on-63f9b3500a4c84b6ef7fdf74c2a92654{\ntop:16.7%;\nleft:17.7%;\n}\n.av-hotspot-image-container .av-image-hotspot.av-lxyef2on-63f9b3500a4c84b6ef7fdf74c2a92654 .av-image-hotspot_inner{\nbackground-color:#323232;\ncolor:#ffffff;\n}\n.av-hotspot-image-container .av-image-hotspot.av-lxyef2on-10-98d25eb1a6077e3f60c284eafeb54e80{\ntop:27.6%;\nleft:18.6%;\n}\n.av-hotspot-image-container .av-image-hotspot.av-lxyef2on-10-98d25eb1a6077e3f60c284eafeb54e80 .av-image-hotspot_inner{\nbackground-color:#323232;\ncolor:#ffffff;\n}\n.av-hotspot-image-container .av-image-hotspot.av-lxyef2on-9-ea409fbfb759d10f41579c8c1a55366d{\ntop:41.6%;\nleft:35.8%;\n}\n.av-hotspot-image-container .av-image-hotspot.av-lxyef2on-9-ea409fbfb759d10f41579c8c1a55366d .av-image-hotspot_inner{\nbackground-color:#323232;\ncolor:#ffffff;\n}\n.av-hotspot-image-container .av-image-hotspot.av-lxyef2on-8-476b6c532bb6205835824f8935bb9894{\ntop:60.2%;\nleft:23%;\n}\n.av-hotspot-image-container .av-image-hotspot.av-lxyef2on-8-476b6c532bb6205835824f8935bb9894 .av-image-hotspot_inner{\nbackground-color:#323232;\ncolor:#ffffff;\n}\n.av-hotspot-image-container .av-image-hotspot.av-lxyef2on-7-b0722aeace4a8b5b2c25d163e803f019{\ntop:81.2%;\nleft:6.9%;\n}\n.av-hotspot-image-container .av-image-hotspot.av-lxyef2on-7-b0722aeace4a8b5b2c25d163e803f019 .av-image-hotspot_inner{\nbackground-color:#323232;\ncolor:#ffffff;\n}\n.av-hotspot-image-container .av-image-hotspot.av-lxyef2on-6-ef6c620dbfdff9a7a4e893036391fecd{\ntop:93.7%;\nleft:8.3%;\n}\n.av-hotspot-image-container .av-image-hotspot.av-lxyef2on-6-ef6c620dbfdff9a7a4e893036391fecd .av-image-hotspot_inner{\nbackground-color:#323232;\ncolor:#ffffff;\n}\n<\/style>\n<div  class='av-hotspot-image-container av-lxyeg3yq-7622223a35e6ec4d0fc2c8ed41f2030d  avia-builder-el-5  avia-builder-el-no-sibling  av-hotspot-numbered avia_animated_image avia_animate_when_almost_visible fade-in av-mobile-fallback-active  av-non-fullwidth-hotspot-image'  itemprop=\"image\" itemscope=\"itemscope\" itemtype=\"https:\/\/schema.org\/ImageObject\" ><div class='av-hotspot-container'><div class='av-hotspot-container-inner-cell'><div class='av-hotspot-container-inner-wrap'><div class='av-image-hotspot av-lxyef2on-63f9b3500a4c84b6ef7fdf74c2a92654 av-image-hotspot-1 ' data-avia-tooltip-position='left' data-avia-tooltip-alignment='centered' data-avia-tooltip-class='av-tt-default-width av-tt-pos-left av-tt-align-centered  av-mobile-fallback-active  transparent_dark av-tt-hotspot' data-avia-tooltip=''><div class='av-image-hotspot_inner'>1<\/div><div class='av-image-hotspot-pulse'><\/div><\/div><div class='av-image-hotspot av-lxyef2on-10-98d25eb1a6077e3f60c284eafeb54e80 av-image-hotspot-2 ' data-avia-tooltip-position='left' data-avia-tooltip-alignment='centered' data-avia-tooltip-class='av-tt-default-width av-tt-pos-left av-tt-align-centered  av-mobile-fallback-active  transparent_dark av-tt-hotspot' data-avia-tooltip=''><div class='av-image-hotspot_inner'>2<\/div><div class='av-image-hotspot-pulse'><\/div><\/div><div class='av-image-hotspot av-lxyef2on-9-ea409fbfb759d10f41579c8c1a55366d av-image-hotspot-3 ' data-avia-tooltip-position='left' data-avia-tooltip-alignment='centered' data-avia-tooltip-class='av-tt-default-width av-tt-pos-left av-tt-align-centered  av-mobile-fallback-active  transparent_dark av-tt-hotspot' data-avia-tooltip=''><div class='av-image-hotspot_inner'>3<\/div><div class='av-image-hotspot-pulse'><\/div><\/div><div class='av-image-hotspot av-lxyef2on-8-476b6c532bb6205835824f8935bb9894 av-image-hotspot-4 ' data-avia-tooltip-position='left' data-avia-tooltip-alignment='centered' data-avia-tooltip-class='av-tt-default-width av-tt-pos-left av-tt-align-centered  av-mobile-fallback-active  transparent_dark av-tt-hotspot' data-avia-tooltip=''><div class='av-image-hotspot_inner'>4<\/div><div class='av-image-hotspot-pulse'><\/div><\/div><div class='av-image-hotspot av-lxyef2on-7-b0722aeace4a8b5b2c25d163e803f019 av-image-hotspot-5 ' data-avia-tooltip-position='left' data-avia-tooltip-alignment='centered' data-avia-tooltip-class='av-tt-default-width av-tt-pos-left av-tt-align-centered  av-mobile-fallback-active  transparent_dark av-tt-hotspot' data-avia-tooltip=''><div class='av-image-hotspot_inner'>5<\/div><div class='av-image-hotspot-pulse'><\/div><\/div><div class='av-image-hotspot av-lxyef2on-6-ef6c620dbfdff9a7a4e893036391fecd av-image-hotspot-6 ' data-avia-tooltip-position='left' data-avia-tooltip-alignment='centered' data-avia-tooltip-class='av-tt-default-width av-tt-pos-left av-tt-align-centered  av-mobile-fallback-active  transparent_dark av-tt-hotspot' data-avia-tooltip=''><div class='av-image-hotspot_inner'>6<\/div><div class='av-image-hotspot-pulse'><\/div><\/div><img decoding=\"async\" fetchpriority=\"high\" class='wp-image-3387 avia-img-lazy-loading-not-3387 avia_image' src=\"https:\/\/aide.nextore.fr\/wp-content\/uploads\/2024\/06\/Capture-decran-2024-06-28-100025.png\" alt='' title='Capture d&#039;\u00e9cran 2024-06-28 100025'  height=\"1006\" width=\"1592\"  itemprop=\"thumbnailUrl\" srcset=\"https:\/\/aide.nextore.fr\/wp-content\/uploads\/2024\/06\/Capture-decran-2024-06-28-100025.png 1592w, https:\/\/aide.nextore.fr\/wp-content\/uploads\/2024\/06\/Capture-decran-2024-06-28-100025-300x190.png 300w, https:\/\/aide.nextore.fr\/wp-content\/uploads\/2024\/06\/Capture-decran-2024-06-28-100025-1030x651.png 1030w, https:\/\/aide.nextore.fr\/wp-content\/uploads\/2024\/06\/Capture-decran-2024-06-28-100025-768x485.png 768w, https:\/\/aide.nextore.fr\/wp-content\/uploads\/2024\/06\/Capture-decran-2024-06-28-100025-1536x971.png 1536w, https:\/\/aide.nextore.fr\/wp-content\/uploads\/2024\/06\/Capture-decran-2024-06-28-100025-1500x948.png 1500w, https:\/\/aide.nextore.fr\/wp-content\/uploads\/2024\/06\/Capture-decran-2024-06-28-100025-705x445.png 705w\" sizes=\"(max-width: 1592px) 100vw, 1592px\" \/><\/div><\/div><\/div><\/div><\/div>\n<style type=\"text\/css\" data-created_by=\"avia_inline_auto\" id=\"style-css-av-37avmh-8c3a2c2b3b4d7f015bd413ddf80c52f1\">\n.flex_column.av-37avmh-8c3a2c2b3b4d7f015bd413ddf80c52f1{\nborder-radius:0px 0px 0px 0px;\npadding:0px 0px 0px 0px;\n}\n<\/style>\n<div  class='flex_column av-37avmh-8c3a2c2b3b4d7f015bd413ddf80c52f1 av_two_fifth  avia-builder-el-6  el_after_av_three_fifth  avia-builder-el-last  flex_column_div av-zero-column-padding  column-top-margin'     ><div  class='togglecontainer av-lxyelw6b-ac5985e5c1e2cfbf691fed590b14160e  avia-builder-el-7  avia-builder-el-no-sibling  toggle_close_all' >\n<section class='av_toggle_section av-lxyeiuds-61c6cf1e1a614d987b75d5dc0347ecae'  itemscope=\"itemscope\" itemtype=\"https:\/\/schema.org\/CreativeWork\" ><div role=\"tablist\" class=\"single_toggle\" data-tags=\"{Tout} \"  ><p id='toggle-toggle-id-1' data-fake-id='#toggle-id-1' class='toggler  activeTitle av-title-above '  itemprop=\"headline\"  role='tab' tabindex='0' aria-controls='toggle-id-1' data-slide-speed=\"200\" data-title=\"1. Modification g\u00e9n\u00e9rale \" data-title-open=\"\">1. Modification g\u00e9n\u00e9rale <span class=\"toggle_icon\"><span class=\"vert_icon\"><\/span><span class=\"hor_icon\"><\/span><\/span><\/p><div id='toggle-id-1' aria-labelledby='toggle-toggle-id-1' role='region' class='toggle_wrap  active_tc av-title-above' style='display:block;' ><div class='toggle_content invers-color '  itemprop=\"text\" ><p>Vous pouvez modifier diff\u00e9rentes informations sur le devis comme sa <strong>date<\/strong>, son <strong>num\u00e9ro de r\u00e9f\u00e9rence<\/strong>, le <strong>caissier<\/strong> et la <strong>caisse<\/strong> associ\u00e9s, son <strong>statut<\/strong> ou le <strong>document joint<\/strong> avec le bouton <strong>Browse<\/strong>.<\/p>\n<\/div><\/div><\/div><\/section>\n<section class='av_toggle_section av-lxyejsbt-9580cca5b4d7787c3d8eaa835bc20d38'  itemscope=\"itemscope\" itemtype=\"https:\/\/schema.org\/CreativeWork\" ><div role=\"tablist\" class=\"single_toggle\" data-tags=\"{Tout} \"  ><p id='toggle-toggle-id-2' data-fake-id='#toggle-id-2' class='toggler  av-title-above '  itemprop=\"headline\"  role='tab' tabindex='0' aria-controls='toggle-id-2' data-slide-speed=\"200\" data-title=\"2. Autres informations\" data-title-open=\"\">2. Autres informations<span class=\"toggle_icon\"><span class=\"vert_icon\"><\/span><span class=\"hor_icon\"><\/span><\/span><\/p><div id='toggle-id-2' aria-labelledby='toggle-toggle-id-2' role='region' class='toggle_wrap  av-title-above'  ><div class='toggle_content invers-color '  itemprop=\"text\" ><p>Vous devez pr\u00e9ciser un <strong>entrep\u00f4t<\/strong> ainsi qu&rsquo;un <strong>client<\/strong> avant de s\u00e9lectionner un produit.<\/p>\n<\/div><\/div><\/div><\/section>\n<section class='av_toggle_section av-lxyes57h-92814a3c4b0f86dd871d15320202120d'  itemscope=\"itemscope\" itemtype=\"https:\/\/schema.org\/CreativeWork\" ><div role=\"tablist\" class=\"single_toggle\" data-tags=\"{Tout} \"  ><p id='toggle-toggle-id-3' data-fake-id='#toggle-id-3' class='toggler  av-title-above '  itemprop=\"headline\"  role='tab' tabindex='0' aria-controls='toggle-id-3' data-slide-speed=\"200\" data-title=\"3. Rechercher un produit\" data-title-open=\"\">3. Rechercher un produit<span class=\"toggle_icon\"><span class=\"vert_icon\"><\/span><span class=\"hor_icon\"><\/span><\/span><\/p><div id='toggle-id-3' aria-labelledby='toggle-toggle-id-3' role='region' class='toggle_wrap  av-title-above'  ><div class='toggle_content invers-color '  itemprop=\"text\" ><p>Vous pouvez\u00a0<strong>rechercher<\/strong> un produit \u00e0 l\u2019aide de la <strong>barre de recherche<\/strong>\u00a0puis l&rsquo;ajouter.<\/p>\n<\/div><\/div><\/div><\/section>\n<section class='av_toggle_section av-lxyetw21-a8e776e3f4b5c36dfd66ec9be7cb8bea'  itemscope=\"itemscope\" itemtype=\"https:\/\/schema.org\/CreativeWork\" ><div role=\"tablist\" class=\"single_toggle\" data-tags=\"{Tout} \"  ><p id='toggle-toggle-id-4' data-fake-id='#toggle-id-4' class='toggler  av-title-above '  itemprop=\"headline\"  role='tab' tabindex='0' aria-controls='toggle-id-4' data-slide-speed=\"200\" data-title=\"4. Informations des produits\" data-title-open=\"\">4. Informations des produits<span class=\"toggle_icon\"><span class=\"vert_icon\"><\/span><span class=\"hor_icon\"><\/span><\/span><\/p><div id='toggle-id-4' aria-labelledby='toggle-toggle-id-4' role='region' class='toggle_wrap  av-title-above'  ><div class='toggle_content invers-color '  itemprop=\"text\" ><p>Vous pouvez <strong>modifier<\/strong> les informations du produit \u00e0 l&rsquo;aide de l&rsquo;icone <strong>crayon<\/strong> <strong>de<\/strong> <strong>papier<\/strong>, changer la <strong>quantit\u00e9<\/strong> ou encore <strong>supprimer<\/strong> un produit \u00e0 l&rsquo;aide de l&rsquo;icone <strong>croix<\/strong>.<\/p>\n<\/div><\/div><\/div><\/section>\n<section class='av_toggle_section av-lxyeupot-b06ea21f2e79fd0e9e9d8b1fd4d6579b'  itemscope=\"itemscope\" itemtype=\"https:\/\/schema.org\/CreativeWork\" ><div role=\"tablist\" class=\"single_toggle\" data-tags=\"{Tout} \"  ><p id='toggle-toggle-id-5' data-fake-id='#toggle-id-5' class='toggler  av-title-above '  itemprop=\"headline\"  role='tab' tabindex='0' aria-controls='toggle-id-5' data-slide-speed=\"200\" data-title=\"5. Ajouter une note\" data-title-open=\"\">5. Ajouter une note<span class=\"toggle_icon\"><span class=\"vert_icon\"><\/span><span class=\"hor_icon\"><\/span><\/span><\/p><div id='toggle-id-5' aria-labelledby='toggle-toggle-id-5' role='region' class='toggle_wrap  av-title-above'  ><div class='toggle_content invers-color '  itemprop=\"text\" ><p>Vous pouvez ajouter une\u00a0<strong>note\u00a0<\/strong>au devis.<\/p>\n<\/div><\/div><\/div><\/section>\n<section class='av_toggle_section av-lxyeuux7-8d9ccd5f6cce17caf6e87fac5240a1a4'  itemscope=\"itemscope\" itemtype=\"https:\/\/schema.org\/CreativeWork\" ><div role=\"tablist\" class=\"single_toggle\" data-tags=\"{Tout} \"  ><p id='toggle-toggle-id-6' data-fake-id='#toggle-id-6' class='toggler  av-title-above '  itemprop=\"headline\"  role='tab' tabindex='0' aria-controls='toggle-id-6' data-slide-speed=\"200\" data-title=\"6. Valider ou r\u00e9initialiser\" data-title-open=\"\">6. Valider ou r\u00e9initialiser<span class=\"toggle_icon\"><span class=\"vert_icon\"><\/span><span class=\"hor_icon\"><\/span><\/span><\/p><div id='toggle-id-6' aria-labelledby='toggle-toggle-id-6' role='region' class='toggle_wrap  av-title-above'  ><div class='toggle_content invers-color '  itemprop=\"text\" ><p>Vous pouvez cliquer sur le bouton <strong>Valider<\/strong> afin de valider les changements effectu\u00e9s ou bien sur le bouton <strong>R\u00e9initialiser<\/strong> pour annuler les modifications.<\/p>\n<\/div><\/div><\/div><\/section>\n<\/div><\/div>\n","protected":false},"excerpt":{"rendered":"","protected":false},"author":1,"featured_media":0,"parent":0,"menu_order":0,"comment_status":"closed","ping_status":"closed","template":"","meta":{"footnotes":""},"class_list":["post-3385","page","type-page","status-publish","hentry"],"_links":{"self":[{"href":"https:\/\/aide.nextore.fr\/index.php\/wp-json\/wp\/v2\/pages\/3385"}],"collection":[{"href":"https:\/\/aide.nextore.fr\/index.php\/wp-json\/wp\/v2\/pages"}],"about":[{"href":"https:\/\/aide.nextore.fr\/index.php\/wp-json\/wp\/v2\/types\/page"}],"author":[{"embeddable":true,"href":"https:\/\/aide.nextore.fr\/index.php\/wp-json\/wp\/v2\/users\/1"}],"replies":[{"embeddable":true,"href":"https:\/\/aide.nextore.fr\/index.php\/wp-json\/wp\/v2\/comments?post=3385"}],"version-history":[{"count":3,"href":"https:\/\/aide.nextore.fr\/index.php\/wp-json\/wp\/v2\/pages\/3385\/revisions"}],"predecessor-version":[{"id":3671,"href":"https:\/\/aide.nextore.fr\/index.php\/wp-json\/wp\/v2\/pages\/3385\/revisions\/3671"}],"wp:attachment":[{"href":"https:\/\/aide.nextore.fr\/index.php\/wp-json\/wp\/v2\/media?parent=3385"}],"curies":[{"name":"wp","href":"https:\/\/api.w.org\/{rel}","templated":true}]}}