{"id":3376,"date":"2024-06-27T16:55:11","date_gmt":"2024-06-27T14:55:11","guid":{"rendered":"https:\/\/aide.nextore.fr\/?page_id=3376"},"modified":"2025-09-29T16:54:38","modified_gmt":"2025-09-29T14:54:38","slug":"4-1-1-liste-produits-details","status":"publish","type":"page","link":"https:\/\/aide.nextore.fr\/index.php\/4-1-1-liste-produits-details\/","title":{"rendered":"Liste produits &#8211; D\u00e9tails"},"content":{"rendered":"\n<style type=\"text\/css\" data-created_by=\"avia_inline_auto\" id=\"style-css-av-8mr9sw-e3d34e7c24a8269fb87230e791a53beb\">\n.avia-section.av-8mr9sw-e3d34e7c24a8269fb87230e791a53beb .av-extra-border-element .av-extra-border-inner{\nbackground-color:#ffffff;\n}\n<\/style>\n<div id='listeproduits'  class='avia-section av-8mr9sw-e3d34e7c24a8269fb87230e791a53beb main_color avia-section-default avia-no-border-styling  avia-builder-el-0  avia-builder-el-no-sibling  avia-bg-style-scroll av-arrow-down-section container_wrap fullsize'  ><div class='container av-section-cont-open' ><main  role=\"main\" itemprop=\"mainContentOfPage\"  class='template-page content  av-content-full alpha units'><div class='post-entry post-entry-type-page post-entry-3376'><div class='entry-content-wrapper clearfix'>\n\n<style type=\"text\/css\" data-created_by=\"avia_inline_auto\" id=\"style-css-av-7fnhls-b7267022f68cc9dbc4a1cafa07af77db\">\n.flex_column.av-7fnhls-b7267022f68cc9dbc4a1cafa07af77db{\nborder-radius:0px 0px 0px 0px;\npadding:0px 0px 0px 0px;\n}\n<\/style>\n<div  class='flex_column av-7fnhls-b7267022f68cc9dbc4a1cafa07af77db av_one_full  avia-builder-el-1  el_before_av_three_fifth  avia-builder-el-first  first flex_column_div av-zero-column-padding  '     ><p>\n<style type=\"text\/css\" data-created_by=\"avia_inline_auto\" id=\"style-css-av-lxxds439-d57ef2a89fee3166b7e0b7899861d56a\">\n#top .av-special-heading.av-lxxds439-d57ef2a89fee3166b7e0b7899861d56a{\npadding-bottom:0;\n}\nbody .av-special-heading.av-lxxds439-d57ef2a89fee3166b7e0b7899861d56a .av-special-heading-tag .heading-char{\nfont-size:25px;\n}\n.av-special-heading.av-lxxds439-d57ef2a89fee3166b7e0b7899861d56a .av-subheading{\nfont-size:15px;\n}\n<\/style>\n<div  class='av-special-heading av-lxxds439-d57ef2a89fee3166b7e0b7899861d56a av-special-heading-h3 blockquote modern-quote  avia-builder-el-2  el_before_av_hr  avia-builder-el-first '><h3 class='av-special-heading-tag '  itemprop=\"headline\"  >DETAILS PRODUIT<\/h3><div class=\"special-heading-border\"><div class=\"special-heading-inner-border\"><\/div><\/div><\/div><br \/>\n\n<style type=\"text\/css\" data-created_by=\"avia_inline_auto\" id=\"style-css-av-6le8n4-ff5841344736f46852922569f442d228\">\n#top .hr.av-6le8n4-ff5841344736f46852922569f442d228{\nmargin-top:0px;\nmargin-bottom:10px;\n}\n.hr.av-6le8n4-ff5841344736f46852922569f442d228 .hr-inner{\nwidth:100px;\nborder-color:#000000;\n}\n<\/style>\n<div  class='hr av-6le8n4-ff5841344736f46852922569f442d228 hr-custom  avia-builder-el-3  el_after_av_heading  avia-builder-el-last  hr-left hr-icon-no'><span class='hr-inner inner-border-av-border-fat'><span class=\"hr-inner-style\"><\/span><\/span><\/div><\/p><\/div>\n<style type=\"text\/css\" data-created_by=\"avia_inline_auto\" id=\"style-css-av-3s3rhs-ed962abc64d5d184bf872a7b266adf90\">\n.flex_column.av-3s3rhs-ed962abc64d5d184bf872a7b266adf90{\nborder-radius:0px 0px 0px 0px;\npadding:0px 0px 0px 0px;\n}\n<\/style>\n<div  class='flex_column av-3s3rhs-ed962abc64d5d184bf872a7b266adf90 av_three_fifth  avia-builder-el-4  el_after_av_one_full  el_before_av_two_fifth  first flex_column_div av-zero-column-padding  column-top-margin'     ><style type=\"text\/css\" data-created_by=\"avia_inline_auto\" id=\"style-css-sub-av-lxxdscet-54ced7ab3e701e95dda869d0fb1c85f9\">\n.av-hotspot-image-container .av-image-hotspot.av-lxxdsbs4-81e1f096fda19b96c462b9d8d93d0b6a{\ntop:3.8%;\nleft:8.8%;\n}\n.av-hotspot-image-container .av-image-hotspot.av-lxxdsbs4-81e1f096fda19b96c462b9d8d93d0b6a .av-image-hotspot_inner{\nbackground-color:#323232;\ncolor:#ffffff;\n}\n.av-hotspot-image-container .av-image-hotspot.av-lxxdsbs4-9-9ba12f731de350bc7ff8769055418062{\ntop:23.7%;\nleft:49.5%;\n}\n.av-hotspot-image-container .av-image-hotspot.av-lxxdsbs4-9-9ba12f731de350bc7ff8769055418062 .av-image-hotspot_inner{\nbackground-color:#323232;\ncolor:#ffffff;\n}\n.av-hotspot-image-container .av-image-hotspot.av-lxxdsbs4-8-46f8d7d310d55b20f50150cde3d738cf{\ntop:71.2%;\nleft:12.8%;\n}\n.av-hotspot-image-container .av-image-hotspot.av-lxxdsbs4-8-46f8d7d310d55b20f50150cde3d738cf .av-image-hotspot_inner{\nbackground-color:#323232;\ncolor:#ffffff;\n}\n.av-hotspot-image-container .av-image-hotspot.av-lxxdsbs4-7-2681f720009cabdca5131b87ad303c54{\ntop:91%;\nleft:49.6%;\n}\n.av-hotspot-image-container .av-image-hotspot.av-lxxdsbs4-7-2681f720009cabdca5131b87ad303c54 .av-image-hotspot_inner{\nbackground-color:#323232;\ncolor:#ffffff;\n}\n.av-hotspot-image-container .av-image-hotspot.av-lxxdsbs4-6-f2be5c26a9df9a6975fc73a38c383b05{\ntop:7.2%;\nleft:95.2%;\n}\n.av-hotspot-image-container .av-image-hotspot.av-lxxdsbs4-6-f2be5c26a9df9a6975fc73a38c383b05 .av-image-hotspot_inner{\nbackground-color:#323232;\ncolor:#ffffff;\n}\n<\/style>\n<div  class='av-hotspot-image-container av-lxxdscet-54ced7ab3e701e95dda869d0fb1c85f9  avia-builder-el-5  avia-builder-el-no-sibling  av-hotspot-numbered avia_animated_image avia_animate_when_almost_visible fade-in av-mobile-fallback-active  av-non-fullwidth-hotspot-image'  itemprop=\"image\" itemscope=\"itemscope\" itemtype=\"https:\/\/schema.org\/ImageObject\" ><div class='av-hotspot-container'><div class='av-hotspot-container-inner-cell'><div class='av-hotspot-container-inner-wrap'><div class='av-image-hotspot av-lxxdsbs4-81e1f096fda19b96c462b9d8d93d0b6a av-image-hotspot-1 ' data-avia-tooltip-position='left' data-avia-tooltip-alignment='centered' data-avia-tooltip-class='av-tt-default-width av-tt-pos-left av-tt-align-centered  av-mobile-fallback-active  transparent_dark av-tt-hotspot' data-avia-tooltip=''><div class='av-image-hotspot_inner'>1<\/div><div class='av-image-hotspot-pulse'><\/div><\/div><div class='av-image-hotspot av-lxxdsbs4-9-9ba12f731de350bc7ff8769055418062 av-image-hotspot-2 ' data-avia-tooltip-position='left' data-avia-tooltip-alignment='centered' data-avia-tooltip-class='av-tt-default-width av-tt-pos-left av-tt-align-centered  av-mobile-fallback-active  transparent_dark av-tt-hotspot' data-avia-tooltip=''><div class='av-image-hotspot_inner'>2<\/div><div class='av-image-hotspot-pulse'><\/div><\/div><div class='av-image-hotspot av-lxxdsbs4-8-46f8d7d310d55b20f50150cde3d738cf av-image-hotspot-3 ' data-avia-tooltip-position='left' data-avia-tooltip-alignment='centered' data-avia-tooltip-class='av-tt-default-width av-tt-pos-left av-tt-align-centered  av-mobile-fallback-active  transparent_dark av-tt-hotspot' data-avia-tooltip=''><div class='av-image-hotspot_inner'>3<\/div><div class='av-image-hotspot-pulse'><\/div><\/div><div class='av-image-hotspot av-lxxdsbs4-7-2681f720009cabdca5131b87ad303c54 av-image-hotspot-4 ' data-avia-tooltip-position='left' data-avia-tooltip-alignment='centered' data-avia-tooltip-class='av-tt-default-width av-tt-pos-left av-tt-align-centered  av-mobile-fallback-active  transparent_dark av-tt-hotspot' data-avia-tooltip=''><div class='av-image-hotspot_inner'>4<\/div><div class='av-image-hotspot-pulse'><\/div><\/div><div class='av-image-hotspot av-lxxdsbs4-6-f2be5c26a9df9a6975fc73a38c383b05 av-image-hotspot-5 ' data-avia-tooltip-position='left' data-avia-tooltip-alignment='centered' data-avia-tooltip-class='av-tt-default-width av-tt-pos-left av-tt-align-centered  av-mobile-fallback-active  transparent_dark av-tt-hotspot' data-avia-tooltip=''><div class='av-image-hotspot_inner'>5<\/div><div class='av-image-hotspot-pulse'><\/div><\/div><img decoding=\"async\" fetchpriority=\"high\" class='wp-image-3378 avia-img-lazy-loading-not-3378 avia_image' src=\"https:\/\/aide.nextore.fr\/wp-content\/uploads\/2024\/06\/4.1.1-Liste-produits-Details.png\" alt='' title='4.1.1 Liste produits - D\u00e9tails'  height=\"921\" width=\"1620\"  itemprop=\"thumbnailUrl\" srcset=\"https:\/\/aide.nextore.fr\/wp-content\/uploads\/2024\/06\/4.1.1-Liste-produits-Details.png 1620w, https:\/\/aide.nextore.fr\/wp-content\/uploads\/2024\/06\/4.1.1-Liste-produits-Details-300x171.png 300w, https:\/\/aide.nextore.fr\/wp-content\/uploads\/2024\/06\/4.1.1-Liste-produits-Details-1030x586.png 1030w, https:\/\/aide.nextore.fr\/wp-content\/uploads\/2024\/06\/4.1.1-Liste-produits-Details-768x437.png 768w, https:\/\/aide.nextore.fr\/wp-content\/uploads\/2024\/06\/4.1.1-Liste-produits-Details-1536x873.png 1536w, https:\/\/aide.nextore.fr\/wp-content\/uploads\/2024\/06\/4.1.1-Liste-produits-Details-1500x853.png 1500w, https:\/\/aide.nextore.fr\/wp-content\/uploads\/2024\/06\/4.1.1-Liste-produits-Details-705x401.png 705w\" sizes=\"(max-width: 1620px) 100vw, 1620px\" \/><\/div><\/div><\/div><\/div><\/div>\n<style type=\"text\/css\" data-created_by=\"avia_inline_auto\" id=\"style-css-av-1uerf4-72766d8d68b4e2dab2fffd8b69a888e3\">\n.flex_column.av-1uerf4-72766d8d68b4e2dab2fffd8b69a888e3{\nborder-radius:0px 0px 0px 0px;\npadding:0px 0px 0px 0px;\n}\n<\/style>\n<div  class='flex_column av-1uerf4-72766d8d68b4e2dab2fffd8b69a888e3 av_two_fifth  avia-builder-el-6  el_after_av_three_fifth  avia-builder-el-last  flex_column_div av-zero-column-padding  column-top-margin'     ><div  class='togglecontainer av-lxxdyle6-4f1c5d06d58f323eb090d64b775f978f  avia-builder-el-7  avia-builder-el-no-sibling  toggle_close_all' >\n<section class='av_toggle_section av-lxxduv2r-7eda4fe9f7c791fd09b81dc6ea4a0f03'  itemscope=\"itemscope\" itemtype=\"https:\/\/schema.org\/CreativeWork\" ><div role=\"tablist\" class=\"single_toggle\" data-tags=\"{Tout} \"  ><p id='toggle-toggle-id-1' data-fake-id='#toggle-id-1' class='toggler  activeTitle av-title-above '  itemprop=\"headline\"  role='tab' tabindex='0' aria-controls='toggle-id-1' data-slide-speed=\"200\" data-title=\"1. Diff\u00e9rents onglets\" data-title-open=\"\">1. Diff\u00e9rents onglets<span class=\"toggle_icon\"><span class=\"vert_icon\"><\/span><span class=\"hor_icon\"><\/span><\/span><\/p><div id='toggle-id-1' aria-labelledby='toggle-toggle-id-1' role='region' class='toggle_wrap  active_tc av-title-above' style='display:block;' ><div class='toggle_content invers-color '  itemprop=\"text\" ><p>Vous pouvez naviguer sur diff\u00e9rents <strong>onglets<\/strong> qui vont vous donner des informations sur le produit.<\/p>\n<\/div><\/div><\/div><\/section>\n<section class='av_toggle_section av-lxxdvia2-cc50136d9ab8f97548bcda3d2127caeb'  itemscope=\"itemscope\" itemtype=\"https:\/\/schema.org\/CreativeWork\" ><div role=\"tablist\" class=\"single_toggle\" data-tags=\"{Tout} \"  ><p id='toggle-toggle-id-2' data-fake-id='#toggle-id-2' class='toggler  av-title-above '  itemprop=\"headline\"  role='tab' tabindex='0' aria-controls='toggle-id-2' data-slide-speed=\"200\" data-title=\"2. Informations g\u00e9n\u00e9rales\" data-title-open=\"\">2. Informations g\u00e9n\u00e9rales<span class=\"toggle_icon\"><span class=\"vert_icon\"><\/span><span class=\"hor_icon\"><\/span><\/span><\/p><div id='toggle-id-2' aria-labelledby='toggle-toggle-id-2' role='region' class='toggle_wrap  av-title-above'  ><div class='toggle_content invers-color '  itemprop=\"text\" ><p>Vous pouvez avoir acc\u00e8s \u00e0 diff\u00e9rentes <strong>informations<\/strong> sur le produit.<\/p>\n<\/div><\/div><\/div><\/section>\n<section class='av_toggle_section av-lxxdw2xb-441f6f1e58a3d0731011bf13596f52ac'  itemscope=\"itemscope\" itemtype=\"https:\/\/schema.org\/CreativeWork\" ><div role=\"tablist\" class=\"single_toggle\" data-tags=\"{Tout} \"  ><p id='toggle-toggle-id-3' data-fake-id='#toggle-id-3' class='toggler  av-title-above '  itemprop=\"headline\"  role='tab' tabindex='0' aria-controls='toggle-id-3' data-slide-speed=\"200\" data-title=\"3. Informations sur le stock\" data-title-open=\"\">3. Informations sur le stock<span class=\"toggle_icon\"><span class=\"vert_icon\"><\/span><span class=\"hor_icon\"><\/span><\/span><\/p><div id='toggle-id-3' aria-labelledby='toggle-toggle-id-3' role='region' class='toggle_wrap  av-title-above'  ><div class='toggle_content invers-color '  itemprop=\"text\" ><p>Vous pouvez avoir acc\u00e8s \u00e0 des informations sur les <strong>stocks<\/strong> concernant le produit.<\/p>\n<\/div><\/div><\/div><\/section>\n<section class='av_toggle_section av-lxxdxn9g-b84a0fae2c1a3cb1a35188a106d27a79'  itemscope=\"itemscope\" itemtype=\"https:\/\/schema.org\/CreativeWork\" ><div role=\"tablist\" class=\"single_toggle\" data-tags=\"{Tout} \"  ><p id='toggle-toggle-id-4' data-fake-id='#toggle-id-4' class='toggler  av-title-above '  itemprop=\"headline\"  role='tab' tabindex='0' aria-controls='toggle-id-4' data-slide-speed=\"200\" data-title=\"4. Actions\" data-title-open=\"\">4. Actions<span class=\"toggle_icon\"><span class=\"vert_icon\"><\/span><span class=\"hor_icon\"><\/span><\/span><\/p><div id='toggle-id-4' aria-labelledby='toggle-toggle-id-4' role='region' class='toggle_wrap  av-title-above'  ><div class='toggle_content invers-color '  itemprop=\"text\" ><p>Vous pouvez\u00a0<strong>imprimer les \u00e9tiquettes<\/strong> du produit (renvoi au menu \u00ab\u00a0imprimer \u00e9tiquettes\u00a0\u00bb),\u00a0<strong>ajuster les stocks<\/strong> du produit, le <strong>modifier<\/strong>, ou bien le\u00a0<strong>supprimer<\/strong>.<\/p>\n<\/div><\/div><\/div><\/section>\n<section class='av_toggle_section av-lxxdyjxo-54f4ea82ba40bf08299ec950ab3a8be0'  itemscope=\"itemscope\" itemtype=\"https:\/\/schema.org\/CreativeWork\" ><div role=\"tablist\" class=\"single_toggle\" data-tags=\"{Tout} \"  ><p id='toggle-toggle-id-5' data-fake-id='#toggle-id-5' class='toggler  av-title-above '  itemprop=\"headline\"  role='tab' tabindex='0' aria-controls='toggle-id-5' data-slide-speed=\"200\" data-title=\"5. Bouton d\u2019actions\" data-title-open=\"\">5. Bouton d\u2019actions<span class=\"toggle_icon\"><span class=\"vert_icon\"><\/span><span class=\"hor_icon\"><\/span><\/span><\/p><div id='toggle-id-5' aria-labelledby='toggle-toggle-id-5' role='region' class='toggle_wrap  av-title-above'  ><div class='toggle_content invers-color '  itemprop=\"text\" ><p>Vous avez acc\u00e8s ici aux m\u00eames fonctionnalit\u00e9s qu&rsquo;au point pr\u00e9c\u00e9dent.<\/p>\n<\/div><\/div><\/div><\/section>\n<\/div><\/div>\n","protected":false},"excerpt":{"rendered":"","protected":false},"author":1,"featured_media":0,"parent":0,"menu_order":0,"comment_status":"closed","ping_status":"closed","template":"","meta":{"footnotes":""},"class_list":["post-3376","page","type-page","status-publish","hentry"],"_links":{"self":[{"href":"https:\/\/aide.nextore.fr\/index.php\/wp-json\/wp\/v2\/pages\/3376"}],"collection":[{"href":"https:\/\/aide.nextore.fr\/index.php\/wp-json\/wp\/v2\/pages"}],"about":[{"href":"https:\/\/aide.nextore.fr\/index.php\/wp-json\/wp\/v2\/types\/page"}],"author":[{"embeddable":true,"href":"https:\/\/aide.nextore.fr\/index.php\/wp-json\/wp\/v2\/users\/1"}],"replies":[{"embeddable":true,"href":"https:\/\/aide.nextore.fr\/index.php\/wp-json\/wp\/v2\/comments?post=3376"}],"version-history":[{"count":2,"href":"https:\/\/aide.nextore.fr\/index.php\/wp-json\/wp\/v2\/pages\/3376\/revisions"}],"predecessor-version":[{"id":3668,"href":"https:\/\/aide.nextore.fr\/index.php\/wp-json\/wp\/v2\/pages\/3376\/revisions\/3668"}],"wp:attachment":[{"href":"https:\/\/aide.nextore.fr\/index.php\/wp-json\/wp\/v2\/media?parent=3376"}],"curies":[{"name":"wp","href":"https:\/\/api.w.org\/{rel}","templated":true}]}}