{"id":3341,"date":"2024-06-27T14:50:36","date_gmt":"2024-06-27T12:50:36","guid":{"rendered":"https:\/\/aide.nextore.fr\/?page_id=3341"},"modified":"2025-09-29T16:56:01","modified_gmt":"2025-09-29T14:56:01","slug":"4-9-23-comptabilite-journal-des-ventes","status":"publish","type":"page","link":"https:\/\/aide.nextore.fr\/index.php\/4-9-23-comptabilite-journal-des-ventes\/","title":{"rendered":"Comptabilit\u00e9 &#8211; Journal des ventes"},"content":{"rendered":"\n<style type=\"text\/css\" data-created_by=\"avia_inline_auto\" id=\"style-css-av-eu7ojh-19673b3cf391dd7f51314a424d4c5026\">\n.avia-section.av-eu7ojh-19673b3cf391dd7f51314a424d4c5026 .av-extra-border-element .av-extra-border-inner{\nbackground-color:#ffffff;\n}\n<\/style>\n<div id='listeproduits'  class='avia-section av-eu7ojh-19673b3cf391dd7f51314a424d4c5026 main_color avia-section-default avia-no-border-styling  avia-builder-el-0  avia-builder-el-no-sibling  avia-bg-style-scroll av-arrow-down-section container_wrap fullsize'  ><div class='container av-section-cont-open' ><main  role=\"main\" itemprop=\"mainContentOfPage\"  class='template-page content  av-content-full alpha units'><div class='post-entry post-entry-type-page post-entry-3341'><div class='entry-content-wrapper clearfix'>\n\n<style type=\"text\/css\" data-created_by=\"avia_inline_auto\" id=\"style-css-av-c0l7al-8c909f10fb8ec30233d7530ee5a0c91d\">\n.flex_column.av-c0l7al-8c909f10fb8ec30233d7530ee5a0c91d{\nborder-radius:0px 0px 0px 0px;\npadding:0px 0px 0px 0px;\n}\n<\/style>\n<div  class='flex_column av-c0l7al-8c909f10fb8ec30233d7530ee5a0c91d av_one_full  avia-builder-el-1  el_before_av_three_fifth  avia-builder-el-first  first flex_column_div av-zero-column-padding  '     ><p>\n<style type=\"text\/css\" data-created_by=\"avia_inline_auto\" id=\"style-css-av-lxx9h1y5-4fb20136afbbeb87a15ee55b53635a8a\">\n#top .av-special-heading.av-lxx9h1y5-4fb20136afbbeb87a15ee55b53635a8a{\npadding-bottom:0;\n}\nbody .av-special-heading.av-lxx9h1y5-4fb20136afbbeb87a15ee55b53635a8a .av-special-heading-tag .heading-char{\nfont-size:25px;\n}\n.av-special-heading.av-lxx9h1y5-4fb20136afbbeb87a15ee55b53635a8a .av-subheading{\nfont-size:15px;\n}\n<\/style>\n<div  class='av-special-heading av-lxx9h1y5-4fb20136afbbeb87a15ee55b53635a8a av-special-heading-h3 blockquote modern-quote  avia-builder-el-2  el_before_av_hr  avia-builder-el-first '><h3 class='av-special-heading-tag '  itemprop=\"headline\"  >JOURNAL DES VENTES<\/h3><div class=\"special-heading-border\"><div class=\"special-heading-inner-border\"><\/div><\/div><\/div><br \/>\n\n<style type=\"text\/css\" data-created_by=\"avia_inline_auto\" id=\"style-css-av-b7pw65-f5a190c91d5dff1a5bb649fffaaab377\">\n#top .hr.av-b7pw65-f5a190c91d5dff1a5bb649fffaaab377{\nmargin-top:0px;\nmargin-bottom:10px;\n}\n.hr.av-b7pw65-f5a190c91d5dff1a5bb649fffaaab377 .hr-inner{\nwidth:100px;\nborder-color:#000000;\n}\n<\/style>\n<div  class='hr av-b7pw65-f5a190c91d5dff1a5bb649fffaaab377 hr-custom  avia-builder-el-3  el_after_av_heading  avia-builder-el-last  hr-left hr-icon-no'><span class='hr-inner inner-border-av-border-fat'><span class=\"hr-inner-style\"><\/span><\/span><\/div><\/p><\/div>\n<style type=\"text\/css\" data-created_by=\"avia_inline_auto\" id=\"style-css-av-97r8a5-97d28edf4db490662c259b23fa60c4c7\">\n.flex_column.av-97r8a5-97d28edf4db490662c259b23fa60c4c7{\nborder-radius:0px 0px 0px 0px;\npadding:0px 0px 0px 0px;\n}\n<\/style>\n<div  class='flex_column av-97r8a5-97d28edf4db490662c259b23fa60c4c7 av_three_fifth  avia-builder-el-4  el_after_av_one_full  el_before_av_two_fifth  first flex_column_div av-zero-column-padding  column-top-margin'     ><style type=\"text\/css\" data-created_by=\"avia_inline_auto\" id=\"style-css-sub-av-lxx9ib8s-99651c641f5c7843a9628a5119ac282e\">\n.av-hotspot-image-container .av-image-hotspot.av-lxx9hziq-203b9214b0fc601e12362709d57819bf{\ntop:4.8%;\nleft:24.1%;\n}\n.av-hotspot-image-container .av-image-hotspot.av-lxx9hziq-203b9214b0fc601e12362709d57819bf .av-image-hotspot_inner{\nbackground-color:#323232;\ncolor:#ffffff;\n}\n.av-hotspot-image-container .av-image-hotspot.av-lxx9i2gn-91fd0e89e9acb70f3f6e519ee909cda6{\ntop:9.2%;\nleft:53.6%;\n}\n.av-hotspot-image-container .av-image-hotspot.av-lxx9i2gn-91fd0e89e9acb70f3f6e519ee909cda6 .av-image-hotspot_inner{\nbackground-color:#323232;\ncolor:#ffffff;\n}\n.av-hotspot-image-container .av-image-hotspot.av-lxx9i501-2595d9ffa45dbff42726995bbae6042d{\ntop:8.2%;\nleft:61.4%;\n}\n.av-hotspot-image-container .av-image-hotspot.av-lxx9i501-2595d9ffa45dbff42726995bbae6042d .av-image-hotspot_inner{\nbackground-color:#323232;\ncolor:#ffffff;\n}\n.av-hotspot-image-container .av-image-hotspot.av-lxx9i817-51d0505d7d4a8ab1e053c99e3faf3028{\ntop:10.8%;\nleft:80.9%;\n}\n.av-hotspot-image-container .av-image-hotspot.av-lxx9i817-51d0505d7d4a8ab1e053c99e3faf3028 .av-image-hotspot_inner{\nbackground-color:#323232;\ncolor:#ffffff;\n}\n.av-hotspot-image-container .av-image-hotspot.av-lxx9hw4i-ff2a8b6f467d56df43897d432b394706{\ntop:12.1%;\nleft:30.6%;\n}\n.av-hotspot-image-container .av-image-hotspot.av-lxx9hw4i-ff2a8b6f467d56df43897d432b394706 .av-image-hotspot_inner{\nbackground-color:#323232;\ncolor:#ffffff;\n}\n<\/style>\n<div  class='av-hotspot-image-container av-lxx9ib8s-99651c641f5c7843a9628a5119ac282e  avia-builder-el-5  avia-builder-el-no-sibling  av-hotspot-numbered avia_animated_image avia_animate_when_almost_visible fade-in av-mobile-fallback-active  av-non-fullwidth-hotspot-image'  itemprop=\"image\" itemscope=\"itemscope\" itemtype=\"https:\/\/schema.org\/ImageObject\" ><div class='av-hotspot-container'><div class='av-hotspot-container-inner-cell'><div class='av-hotspot-container-inner-wrap'><div class='av-image-hotspot av-lxx9hziq-203b9214b0fc601e12362709d57819bf av-image-hotspot-1 ' data-avia-tooltip-position='left' data-avia-tooltip-alignment='centered' data-avia-tooltip-class='av-tt-default-width av-tt-pos-left av-tt-align-centered  av-mobile-fallback-active  transparent_dark av-tt-hotspot' data-avia-tooltip=''><div class='av-image-hotspot_inner'>1<\/div><div class='av-image-hotspot-pulse'><\/div><\/div><div class='av-image-hotspot av-lxx9i2gn-91fd0e89e9acb70f3f6e519ee909cda6 av-image-hotspot-2 ' data-avia-tooltip-position='right' data-avia-tooltip-alignment='centered' data-avia-tooltip-class='av-tt-default-width av-tt-pos-right av-tt-align-centered  av-mobile-fallback-active  transparent_dark av-tt-hotspot' data-avia-tooltip=''><div class='av-image-hotspot_inner'>2<\/div><div class='av-image-hotspot-pulse'><\/div><\/div><div class='av-image-hotspot av-lxx9i501-2595d9ffa45dbff42726995bbae6042d av-image-hotspot-3 ' data-avia-tooltip-position='left' data-avia-tooltip-alignment='centered' data-avia-tooltip-class='av-tt-default-width av-tt-pos-left av-tt-align-centered  av-mobile-fallback-active  transparent_dark av-tt-hotspot' data-avia-tooltip=''><div class='av-image-hotspot_inner'>3<\/div><div class='av-image-hotspot-pulse'><\/div><\/div><div class='av-image-hotspot av-lxx9i817-51d0505d7d4a8ab1e053c99e3faf3028 av-image-hotspot-4 ' data-avia-tooltip-position='right' data-avia-tooltip-alignment='centered' data-avia-tooltip-class='av-tt-default-width av-tt-pos-right av-tt-align-centered  av-mobile-fallback-active  transparent_dark av-tt-hotspot' data-avia-tooltip=''><div class='av-image-hotspot_inner'>4<\/div><div class='av-image-hotspot-pulse'><\/div><\/div><div class='av-image-hotspot av-lxx9hw4i-ff2a8b6f467d56df43897d432b394706 av-image-hotspot-5 ' data-avia-tooltip-position='left' data-avia-tooltip-alignment='centered' data-avia-tooltip-class='av-tt-default-width av-tt-pos-left av-tt-align-centered  av-mobile-fallback-active  transparent_dark av-tt-hotspot' data-avia-tooltip=''><div class='av-image-hotspot_inner'>5<\/div><div class='av-image-hotspot-pulse'><\/div><\/div><img decoding=\"async\" fetchpriority=\"high\" class='wp-image-3335 avia-img-lazy-loading-not-3335 avia_image' src=\"https:\/\/aide.nextore.fr\/wp-content\/uploads\/2024\/06\/Journal-des-ventes.png\" alt='' title='Journal des ventes'  height=\"954\" width=\"1595\"  itemprop=\"thumbnailUrl\" srcset=\"https:\/\/aide.nextore.fr\/wp-content\/uploads\/2024\/06\/Journal-des-ventes.png 1595w, https:\/\/aide.nextore.fr\/wp-content\/uploads\/2024\/06\/Journal-des-ventes-300x179.png 300w, https:\/\/aide.nextore.fr\/wp-content\/uploads\/2024\/06\/Journal-des-ventes-1030x616.png 1030w, https:\/\/aide.nextore.fr\/wp-content\/uploads\/2024\/06\/Journal-des-ventes-768x459.png 768w, https:\/\/aide.nextore.fr\/wp-content\/uploads\/2024\/06\/Journal-des-ventes-1536x919.png 1536w, https:\/\/aide.nextore.fr\/wp-content\/uploads\/2024\/06\/Journal-des-ventes-1500x897.png 1500w, https:\/\/aide.nextore.fr\/wp-content\/uploads\/2024\/06\/Journal-des-ventes-705x422.png 705w\" sizes=\"(max-width: 1595px) 100vw, 1595px\" \/><\/div><\/div><\/div><\/div><\/div>\n<style type=\"text\/css\" data-created_by=\"avia_inline_auto\" id=\"style-css-av-7lulzh-549c9b041fb3e53e7156b63ca96a39e8\">\n.flex_column.av-7lulzh-549c9b041fb3e53e7156b63ca96a39e8{\nborder-radius:0px 0px 0px 0px;\npadding:0px 0px 0px 0px;\n}\n<\/style>\n<div  class='flex_column av-7lulzh-549c9b041fb3e53e7156b63ca96a39e8 av_two_fifth  avia-builder-el-6  el_after_av_three_fifth  avia-builder-el-last  flex_column_div av-zero-column-padding  column-top-margin'     ><div  class='togglecontainer av-lxx9il5x-46fe3e3251286558ddce1ac6022eaca8  avia-builder-el-7  avia-builder-el-no-sibling  toggle_close_all' >\n<section class='av_toggle_section av-5gd1lp-a66911ce3388f45b4e6c75b7b8653165'  itemscope=\"itemscope\" itemtype=\"https:\/\/schema.org\/CreativeWork\" ><div role=\"tablist\" class=\"single_toggle\" data-tags=\"{Tout} \"  ><p id='toggle-toggle-id-1' data-fake-id='#toggle-id-1' class='toggler  activeTitle av-title-above '  itemprop=\"headline\"  role='tab' tabindex='0' aria-controls='toggle-id-1' data-slide-speed=\"200\" data-title=\"1. Choisir une p\u00e9riode\" data-title-open=\"\">1. Choisir une p\u00e9riode<span class=\"toggle_icon\"><span class=\"vert_icon\"><\/span><span class=\"hor_icon\"><\/span><\/span><\/p><div id='toggle-id-1' aria-labelledby='toggle-toggle-id-1' role='region' class='toggle_wrap  active_tc av-title-above' style='display:block;' ><div class='toggle_content invers-color '  itemprop=\"text\" ><p>Vous pouvez choisir une\u00a0<strong>date de d\u00e9but<\/strong> et une\u00a0<strong>date de fin<\/strong> afin de filtrer vos r\u00e9sultats.<\/p>\n<\/div><\/div><\/div><\/section>\n<section class='av_toggle_section av-ehjq5-e680f62cdc1fb6d71150cc0f6eaf0592'  itemscope=\"itemscope\" itemtype=\"https:\/\/schema.org\/CreativeWork\" ><div role=\"tablist\" class=\"single_toggle\" data-tags=\"{Tout} \"  ><p id='toggle-toggle-id-2' data-fake-id='#toggle-id-2' class='toggler  av-title-above '  itemprop=\"headline\"  role='tab' tabindex='0' aria-controls='toggle-id-2' data-slide-speed=\"200\" data-title=\"2. Valider la s\u00e9lection\" data-title-open=\"\">2. Valider la s\u00e9lection<span class=\"toggle_icon\"><span class=\"vert_icon\"><\/span><span class=\"hor_icon\"><\/span><\/span><\/p><div id='toggle-id-2' aria-labelledby='toggle-toggle-id-2' role='region' class='toggle_wrap  av-title-above'  ><div class='toggle_content invers-color '  itemprop=\"text\" ><p>Vous pouvez cliquer sur le bouton\u00a0<strong>Valider<\/strong> afin de valider vos dates et filtrer les r\u00e9sultats.<\/p>\n<\/div><\/div><\/div><\/section>\n<section class='av_toggle_section av-2gj88d-f9856046f232f0c387314ebee727d125'  itemscope=\"itemscope\" itemtype=\"https:\/\/schema.org\/CreativeWork\" ><div role=\"tablist\" class=\"single_toggle\" data-tags=\"{Tout} \"  ><p id='toggle-toggle-id-3' data-fake-id='#toggle-id-3' class='toggler  av-title-above '  itemprop=\"headline\"  role='tab' tabindex='0' aria-controls='toggle-id-3' data-slide-speed=\"200\" data-title=\"3. Exporter au format Excel\" data-title-open=\"\">3. Exporter au format Excel<span class=\"toggle_icon\"><span class=\"vert_icon\"><\/span><span class=\"hor_icon\"><\/span><\/span><\/p><div id='toggle-id-3' aria-labelledby='toggle-toggle-id-3' role='region' class='toggle_wrap  av-title-above'  ><div class='toggle_content invers-color '  itemprop=\"text\" ><p>Vous pouvez cocher la case <strong>Exporter au format Excel<\/strong> pour t\u00e9l\u00e9charger au format Excel l&rsquo;int\u00e9gralit\u00e9 du rapport au moment de cliquer sur le bouton valider.<\/p>\n<\/div><\/div><\/div><\/section>\n<section class='av_toggle_section av-lxx9ih82-fae0f4b5355d95e91bc1dd71c6290306'  itemscope=\"itemscope\" itemtype=\"https:\/\/schema.org\/CreativeWork\" ><div role=\"tablist\" class=\"single_toggle\" data-tags=\"{Tout} \"  ><p id='toggle-toggle-id-4' data-fake-id='#toggle-id-4' class='toggler  av-title-above '  itemprop=\"headline\"  role='tab' tabindex='0' aria-controls='toggle-id-4' data-slide-speed=\"200\" data-title=\"4. Rechercher une transaction\" data-title-open=\"\">4. Rechercher une transaction<span class=\"toggle_icon\"><span class=\"vert_icon\"><\/span><span class=\"hor_icon\"><\/span><\/span><\/p><div id='toggle-id-4' aria-labelledby='toggle-toggle-id-4' role='region' class='toggle_wrap  av-title-above'  ><div class='toggle_content invers-color '  itemprop=\"text\" ><p>Vous pouvez\u00a0rechercher une transaction \u00e0 l\u2019aide de la <strong>barre de recherche<\/strong>. Il est \u00e9galement possible de rechercher les transactions \u00e0 l\u2019aide des <strong>barres de recherche<\/strong> de chaque caract\u00e9ristique sur les transactions.<\/p>\n<\/div><\/div><\/div><\/section>\n<section class='av_toggle_section av-lxx9ikbm-5fa9d888178d79177408ca249064e790'  itemscope=\"itemscope\" itemtype=\"https:\/\/schema.org\/CreativeWork\" ><div role=\"tablist\" class=\"single_toggle\" data-tags=\"{Tout} \"  ><p id='toggle-toggle-id-5' data-fake-id='#toggle-id-5' class='toggler  av-title-above '  itemprop=\"headline\"  role='tab' tabindex='0' aria-controls='toggle-id-5' data-slide-speed=\"200\" data-title=\"5. T\u00e9l\u00e9charger les transactions\" data-title-open=\"\">5. T\u00e9l\u00e9charger les transactions<span class=\"toggle_icon\"><span class=\"vert_icon\"><\/span><span class=\"hor_icon\"><\/span><\/span><\/p><div id='toggle-id-5' aria-labelledby='toggle-toggle-id-5' role='region' class='toggle_wrap  av-title-above'  ><div class='toggle_content invers-color '  itemprop=\"text\" ><p>Vous pouvez <strong>t\u00e9l\u00e9charger<\/strong> les lignes du rapport sur la page actuelle sous diff\u00e9rents formats, la <strong>copier<\/strong> ou l\u2019<strong>imprimer<\/strong>. Il est \u00e9galement possible de choisir le <strong>nombre de lignes<\/strong> affich\u00e9es par page.<\/p>\n<\/div><\/div><\/div><\/section>\n<\/div><\/div>\n","protected":false},"excerpt":{"rendered":"","protected":false},"author":1,"featured_media":0,"parent":0,"menu_order":0,"comment_status":"closed","ping_status":"closed","template":"","meta":{"footnotes":""},"class_list":["post-3341","page","type-page","status-publish","hentry"],"_links":{"self":[{"href":"https:\/\/aide.nextore.fr\/index.php\/wp-json\/wp\/v2\/pages\/3341"}],"collection":[{"href":"https:\/\/aide.nextore.fr\/index.php\/wp-json\/wp\/v2\/pages"}],"about":[{"href":"https:\/\/aide.nextore.fr\/index.php\/wp-json\/wp\/v2\/types\/page"}],"author":[{"embeddable":true,"href":"https:\/\/aide.nextore.fr\/index.php\/wp-json\/wp\/v2\/users\/1"}],"replies":[{"embeddable":true,"href":"https:\/\/aide.nextore.fr\/index.php\/wp-json\/wp\/v2\/comments?post=3341"}],"version-history":[{"count":4,"href":"https:\/\/aide.nextore.fr\/index.php\/wp-json\/wp\/v2\/pages\/3341\/revisions"}],"predecessor-version":[{"id":3675,"href":"https:\/\/aide.nextore.fr\/index.php\/wp-json\/wp\/v2\/pages\/3341\/revisions\/3675"}],"wp:attachment":[{"href":"https:\/\/aide.nextore.fr\/index.php\/wp-json\/wp\/v2\/media?parent=3341"}],"curies":[{"name":"wp","href":"https:\/\/api.w.org\/{rel}","templated":true}]}}