{"id":3327,"date":"2024-06-27T14:13:56","date_gmt":"2024-06-27T12:13:56","guid":{"rendered":"https:\/\/aide.nextore.fr\/?page_id=3327"},"modified":"2026-04-22T10:27:41","modified_gmt":"2026-04-22T08:27:41","slug":"4-9-23-comptabilite-format-debit-credit","status":"publish","type":"page","link":"https:\/\/aide.nextore.fr\/index.php\/4-9-23-comptabilite-format-debit-credit\/","title":{"rendered":"Comptabilit\u00e9 &#8211; Format d\u00e9bit \/ cr\u00e9dit"},"content":{"rendered":"\n<style type=\"text\/css\" data-created_by=\"avia_inline_auto\" id=\"style-css-av-igm1fz-871379819698aa991b3705f180a5d72b\">\n.avia-section.av-igm1fz-871379819698aa991b3705f180a5d72b .av-extra-border-element .av-extra-border-inner{\nbackground-color:#ffffff;\n}\n<\/style>\n<div id='listeproduits'  class='avia-section av-igm1fz-871379819698aa991b3705f180a5d72b main_color avia-section-default avia-no-border-styling  avia-builder-el-0  avia-builder-el-no-sibling  avia-bg-style-scroll av-arrow-down-section container_wrap fullsize'  ><div class='container av-section-cont-open' ><main  role=\"main\" itemprop=\"mainContentOfPage\"  class='template-page content  av-content-full alpha units'><div class='post-entry post-entry-type-page post-entry-3327'><div class='entry-content-wrapper clearfix'>\n\n<style type=\"text\/css\" data-created_by=\"avia_inline_auto\" id=\"style-css-av-hzw6rz-63af08c9b2c9864bc27f4d0dd996123a\">\n.flex_column.av-hzw6rz-63af08c9b2c9864bc27f4d0dd996123a{\nborder-radius:0px 0px 0px 0px;\npadding:0px 0px 0px 0px;\n}\n<\/style>\n<div  class='flex_column av-hzw6rz-63af08c9b2c9864bc27f4d0dd996123a av_one_full  avia-builder-el-1  el_before_av_three_fifth  avia-builder-el-first  first flex_column_div av-zero-column-padding  '     ><p>\n<style type=\"text\/css\" data-created_by=\"avia_inline_auto\" id=\"style-css-av-lxx8xixh-e890397eafaf00e66726b4607476af14\">\n#top .av-special-heading.av-lxx8xixh-e890397eafaf00e66726b4607476af14{\npadding-bottom:0;\n}\nbody .av-special-heading.av-lxx8xixh-e890397eafaf00e66726b4607476af14 .av-special-heading-tag .heading-char{\nfont-size:25px;\n}\n.av-special-heading.av-lxx8xixh-e890397eafaf00e66726b4607476af14 .av-subheading{\nfont-size:15px;\n}\n<\/style>\n<div  class='av-special-heading av-lxx8xixh-e890397eafaf00e66726b4607476af14 av-special-heading-h3 blockquote modern-quote  avia-builder-el-2  el_before_av_hr  avia-builder-el-first '><h3 class='av-special-heading-tag '  itemprop=\"headline\"  >FORMAT DEBIT \/ CREDIT<\/h3><div class=\"special-heading-border\"><div class=\"special-heading-inner-border\"><\/div><\/div><\/div><br \/>\n\n<style type=\"text\/css\" data-created_by=\"avia_inline_auto\" id=\"style-css-av-gbru3z-004ed03f153b32f1186734873c82deb0\">\n#top .hr.av-gbru3z-004ed03f153b32f1186734873c82deb0{\nmargin-top:0px;\nmargin-bottom:10px;\n}\n.hr.av-gbru3z-004ed03f153b32f1186734873c82deb0 .hr-inner{\nwidth:100px;\nborder-color:#000000;\n}\n<\/style>\n<div  class='hr av-gbru3z-004ed03f153b32f1186734873c82deb0 hr-custom  avia-builder-el-3  el_after_av_heading  avia-builder-el-last  hr-left hr-icon-no'><span class='hr-inner inner-border-av-border-fat'><span class=\"hr-inner-style\"><\/span><\/span><\/div><\/p><\/div>\n<style type=\"text\/css\" data-created_by=\"avia_inline_auto\" id=\"style-css-av-e5hz7j-35e19bc4e62896361e049e83d9e30416\">\n.flex_column.av-e5hz7j-35e19bc4e62896361e049e83d9e30416{\nborder-radius:0px 0px 0px 0px;\npadding:0px 0px 0px 0px;\n}\n<\/style>\n<div  class='flex_column av-e5hz7j-35e19bc4e62896361e049e83d9e30416 av_three_fifth  avia-builder-el-4  el_after_av_one_full  el_before_av_two_fifth  first flex_column_div av-zero-column-padding  column-top-margin'     ><style type=\"text\/css\" data-created_by=\"avia_inline_auto\" id=\"style-css-sub-av-lxx924sv-cd4d9c3bd652b52e8ad9e4fcddec0eef\">\n.av-hotspot-image-container .av-image-hotspot.av-c172bj-8e548fe6723e31eb2f72d8b5ea463ddd{\ntop:7.3%;\nleft:16.7%;\n}\n.av-hotspot-image-container .av-image-hotspot.av-c172bj-8e548fe6723e31eb2f72d8b5ea463ddd .av-image-hotspot_inner{\nbackground-color:#323232;\ncolor:#ffffff;\n}\n.av-hotspot-image-container .av-image-hotspot.av-aclkdb-1576f4555708a174c9ad0d79f01d87c2{\ntop:10.8%;\nleft:38.4%;\n}\n.av-hotspot-image-container .av-image-hotspot.av-aclkdb-1576f4555708a174c9ad0d79f01d87c2 .av-image-hotspot_inner{\nbackground-color:#323232;\ncolor:#ffffff;\n}\n.av-hotspot-image-container .av-image-hotspot.av-8gdafz-7d0172e16e9f20b30e91d223272aa4b8{\ntop:9.8%;\nleft:47.2%;\n}\n.av-hotspot-image-container .av-image-hotspot.av-8gdafz-7d0172e16e9f20b30e91d223272aa4b8 .av-image-hotspot_inner{\nbackground-color:#323232;\ncolor:#ffffff;\n}\n.av-hotspot-image-container .av-image-hotspot.av-710fsv-82302ff6ff3901e0bf9fde43a7d6c0b6{\ntop:10%;\nleft:68.6%;\n}\n.av-hotspot-image-container .av-image-hotspot.av-710fsv-82302ff6ff3901e0bf9fde43a7d6c0b6 .av-image-hotspot_inner{\nbackground-color:#323232;\ncolor:#ffffff;\n}\n.av-hotspot-image-container .av-image-hotspot.av-56glsv-130458092d272ddbda5ab38423a81fec{\ntop:12.9%;\nleft:81.1%;\n}\n.av-hotspot-image-container .av-image-hotspot.av-56glsv-130458092d272ddbda5ab38423a81fec .av-image-hotspot_inner{\nbackground-color:#323232;\ncolor:#ffffff;\n}\n.av-hotspot-image-container .av-image-hotspot.av-3pxqtb-7fc69a14d95c6bd2e15c80772926848c{\ntop:14%;\nleft:31.2%;\n}\n.av-hotspot-image-container .av-image-hotspot.av-3pxqtb-7fc69a14d95c6bd2e15c80772926848c .av-image-hotspot_inner{\nbackground-color:#323232;\ncolor:#ffffff;\n}\n<\/style>\n<div  class='av-hotspot-image-container av-lxx924sv-cd4d9c3bd652b52e8ad9e4fcddec0eef  avia-builder-el-5  avia-builder-el-no-sibling  av-hotspot-numbered avia_animated_image avia_animate_when_almost_visible fade-in av-mobile-fallback-active  av-non-fullwidth-hotspot-image'  itemprop=\"image\" itemscope=\"itemscope\" itemtype=\"https:\/\/schema.org\/ImageObject\" ><div class='av-hotspot-container'><div class='av-hotspot-container-inner-cell'><div class='av-hotspot-container-inner-wrap'><div class='av-image-hotspot av-c172bj-8e548fe6723e31eb2f72d8b5ea463ddd av-image-hotspot-1 ' data-avia-tooltip-position='left' data-avia-tooltip-alignment='centered' data-avia-tooltip-class='av-tt-default-width av-tt-pos-left av-tt-align-centered  av-mobile-fallback-active  transparent_dark av-tt-hotspot' data-avia-tooltip=''><div class='av-image-hotspot_inner'>1<\/div><div class='av-image-hotspot-pulse'><\/div><\/div><div class='av-image-hotspot av-aclkdb-1576f4555708a174c9ad0d79f01d87c2 av-image-hotspot-2 ' data-avia-tooltip-position='right' data-avia-tooltip-alignment='centered' data-avia-tooltip-class='av-tt-default-width av-tt-pos-right av-tt-align-centered  av-mobile-fallback-active  transparent_dark av-tt-hotspot' data-avia-tooltip=''><div class='av-image-hotspot_inner'>2<\/div><div class='av-image-hotspot-pulse'><\/div><\/div><div class='av-image-hotspot av-8gdafz-7d0172e16e9f20b30e91d223272aa4b8 av-image-hotspot-3 ' data-avia-tooltip-position='left' data-avia-tooltip-alignment='centered' data-avia-tooltip-class='av-tt-default-width av-tt-pos-left av-tt-align-centered  av-mobile-fallback-active  transparent_dark av-tt-hotspot' data-avia-tooltip=''><div class='av-image-hotspot_inner'>3<\/div><div class='av-image-hotspot-pulse'><\/div><\/div><div class='av-image-hotspot av-710fsv-82302ff6ff3901e0bf9fde43a7d6c0b6 av-image-hotspot-4 ' data-avia-tooltip-position='right' data-avia-tooltip-alignment='centered' data-avia-tooltip-class='av-tt-default-width av-tt-pos-right av-tt-align-centered  av-mobile-fallback-active  transparent_dark av-tt-hotspot' data-avia-tooltip=''><div class='av-image-hotspot_inner'>4<\/div><div class='av-image-hotspot-pulse'><\/div><\/div><div class='av-image-hotspot av-56glsv-130458092d272ddbda5ab38423a81fec av-image-hotspot-5 ' data-avia-tooltip-position='left' data-avia-tooltip-alignment='centered' data-avia-tooltip-class='av-tt-default-width av-tt-pos-left av-tt-align-centered  av-mobile-fallback-active  transparent_dark av-tt-hotspot' data-avia-tooltip=''><div class='av-image-hotspot_inner'>5<\/div><div class='av-image-hotspot-pulse'><\/div><\/div><div class='av-image-hotspot av-3pxqtb-7fc69a14d95c6bd2e15c80772926848c av-image-hotspot-6 ' data-avia-tooltip-position='right' data-avia-tooltip-alignment='centered' data-avia-tooltip-class='av-tt-default-width av-tt-pos-right av-tt-align-centered  av-mobile-fallback-active  transparent_dark av-tt-hotspot' data-avia-tooltip=''><div class='av-image-hotspot_inner'>6<\/div><div class='av-image-hotspot-pulse'><\/div><\/div><img decoding=\"async\" fetchpriority=\"high\" class='wp-image-3333 avia-img-lazy-loading-not-3333 avia_image' src=\"https:\/\/aide.nextore.fr\/wp-content\/uploads\/2024\/06\/Debit-credit.png\" alt='' title='D\u00e9bit cr\u00e9dit'  height=\"974\" width=\"1606\"  itemprop=\"thumbnailUrl\" srcset=\"https:\/\/aide.nextore.fr\/wp-content\/uploads\/2024\/06\/Debit-credit.png 1606w, https:\/\/aide.nextore.fr\/wp-content\/uploads\/2024\/06\/Debit-credit-300x182.png 300w, https:\/\/aide.nextore.fr\/wp-content\/uploads\/2024\/06\/Debit-credit-1030x625.png 1030w, https:\/\/aide.nextore.fr\/wp-content\/uploads\/2024\/06\/Debit-credit-768x466.png 768w, https:\/\/aide.nextore.fr\/wp-content\/uploads\/2024\/06\/Debit-credit-1536x932.png 1536w, https:\/\/aide.nextore.fr\/wp-content\/uploads\/2024\/06\/Debit-credit-1500x910.png 1500w, https:\/\/aide.nextore.fr\/wp-content\/uploads\/2024\/06\/Debit-credit-705x428.png 705w\" sizes=\"(max-width: 1606px) 100vw, 1606px\" \/><\/div><\/div><\/div><\/div><\/div>\n<style type=\"text\/css\" data-created_by=\"avia_inline_auto\" id=\"style-css-av-2x5v5b-e7ff6ebc901d2f3dcf7e0a093f705852\">\n.flex_column.av-2x5v5b-e7ff6ebc901d2f3dcf7e0a093f705852{\nborder-radius:0px 0px 0px 0px;\npadding:0px 0px 0px 0px;\n}\n<\/style>\n<div  class='flex_column av-2x5v5b-e7ff6ebc901d2f3dcf7e0a093f705852 av_two_fifth  avia-builder-el-6  el_after_av_three_fifth  avia-builder-el-last  flex_column_div av-zero-column-padding  column-top-margin'     ><div  class='togglecontainer av-lxx96hlx-abca09e3c817f73f5c9d848f10b3cc47  avia-builder-el-7  avia-builder-el-no-sibling  toggle_close_all' >\n<section class='av_toggle_section av-lxx9327w-41793f17bcb6e75f6518728dbb61a740'  itemscope=\"itemscope\" itemtype=\"https:\/\/schema.org\/CreativeWork\" ><div role=\"tablist\" class=\"single_toggle\" data-tags=\"{Tout} \"  ><p id='toggle-toggle-id-1' data-fake-id='#toggle-id-1' class='toggler  activeTitle av-title-above '  itemprop=\"headline\"  role='tab' tabindex='0' aria-controls='toggle-id-1' data-slide-speed=\"200\" data-title=\"1. Choisir une p\u00e9riode\" data-title-open=\"\">1. Choisir une p\u00e9riode<span class=\"toggle_icon\"><span class=\"vert_icon\"><\/span><span class=\"hor_icon\"><\/span><\/span><\/p><div id='toggle-id-1' aria-labelledby='toggle-toggle-id-1' role='region' class='toggle_wrap  active_tc av-title-above' style='display:block;' ><div class='toggle_content invers-color '  itemprop=\"text\" ><p>Vous pouvez choisir une\u00a0<strong>date de d\u00e9but<\/strong> et une\u00a0<strong>date de fin<\/strong> afin de filtrer vos r\u00e9sultats.<\/p>\n<\/div><\/div><\/div><\/section>\n<section class='av_toggle_section av-lxx93x8m-8fdf1343c0664c03135e67da7c621b76'  itemscope=\"itemscope\" itemtype=\"https:\/\/schema.org\/CreativeWork\" ><div role=\"tablist\" class=\"single_toggle\" data-tags=\"{Tout} \"  ><p id='toggle-toggle-id-2' data-fake-id='#toggle-id-2' class='toggler  av-title-above '  itemprop=\"headline\"  role='tab' tabindex='0' aria-controls='toggle-id-2' data-slide-speed=\"200\" data-title=\"2. Valider la s\u00e9lection\" data-title-open=\"\">2. Valider la s\u00e9lection<span class=\"toggle_icon\"><span class=\"vert_icon\"><\/span><span class=\"hor_icon\"><\/span><\/span><\/p><div id='toggle-id-2' aria-labelledby='toggle-toggle-id-2' role='region' class='toggle_wrap  av-title-above'  ><div class='toggle_content invers-color '  itemprop=\"text\" ><p>Vous pouvez cliquer sur le bouton\u00a0<strong>Valider<\/strong> afin de valider vos dates et filtrer les r\u00e9sultats.<\/p>\n<\/div><\/div><\/div><\/section>\n<section class='av_toggle_section av-lxx95cg1-2465f0e90b65aa185e24196b60c6334f'  itemscope=\"itemscope\" itemtype=\"https:\/\/schema.org\/CreativeWork\" ><div role=\"tablist\" class=\"single_toggle\" data-tags=\"{Tout} \"  ><p id='toggle-toggle-id-3' data-fake-id='#toggle-id-3' class='toggler  av-title-above '  itemprop=\"headline\"  role='tab' tabindex='0' aria-controls='toggle-id-3' data-slide-speed=\"200\" data-title=\"3. Exporter au format Excel\" data-title-open=\"\">3. Exporter au format Excel<span class=\"toggle_icon\"><span class=\"vert_icon\"><\/span><span class=\"hor_icon\"><\/span><\/span><\/p><div id='toggle-id-3' aria-labelledby='toggle-toggle-id-3' role='region' class='toggle_wrap  av-title-above'  ><div class='toggle_content invers-color '  itemprop=\"text\" ><p>Vous pouvez cocher la case <strong>Exporter au format Excel<\/strong> pour t\u00e9l\u00e9charger au format Excel l&rsquo;int\u00e9gralit\u00e9 du rapport au moment de cliquer sur le bouton valider.<\/p>\n<\/div><\/div><\/div><\/section>\n<section class='av_toggle_section av-lxx96buf-5572ea151126d6070d20d5565227a042'  itemscope=\"itemscope\" itemtype=\"https:\/\/schema.org\/CreativeWork\" ><div role=\"tablist\" class=\"single_toggle\" data-tags=\"{Tout} \"  ><p id='toggle-toggle-id-4' data-fake-id='#toggle-id-4' class='toggler  av-title-above '  itemprop=\"headline\"  role='tab' tabindex='0' aria-controls='toggle-id-4' data-slide-speed=\"200\" data-title=\"4. Exporter au format FEC\" data-title-open=\"\">4. Exporter au format FEC<span class=\"toggle_icon\"><span class=\"vert_icon\"><\/span><span class=\"hor_icon\"><\/span><\/span><\/p><div id='toggle-id-4' aria-labelledby='toggle-toggle-id-4' role='region' class='toggle_wrap  av-title-above'  ><div class='toggle_content invers-color '  itemprop=\"text\" ><p>Vous pouvez cocher la case <strong>Exporter au format FEC <\/strong>pour t\u00e9l\u00e9charger au format FEC l&rsquo;int\u00e9gralit\u00e9 du rapport au moment de cliquer sur le bouton valider.<\/p>\n<\/div><\/div><\/div><\/section>\n<section class='av_toggle_section av-lxx96gsk-a7bffcd5eddebfb24ddadb983040d002'  itemscope=\"itemscope\" itemtype=\"https:\/\/schema.org\/CreativeWork\" ><div role=\"tablist\" class=\"single_toggle\" data-tags=\"{Tout} \"  ><p id='toggle-toggle-id-5' data-fake-id='#toggle-id-5' class='toggler  av-title-above '  itemprop=\"headline\"  role='tab' tabindex='0' aria-controls='toggle-id-5' data-slide-speed=\"200\" data-title=\"5. Rechercher une transaction\" data-title-open=\"\">5. Rechercher une transaction<span class=\"toggle_icon\"><span class=\"vert_icon\"><\/span><span class=\"hor_icon\"><\/span><\/span><\/p><div id='toggle-id-5' aria-labelledby='toggle-toggle-id-5' role='region' class='toggle_wrap  av-title-above'  ><div class='toggle_content invers-color '  itemprop=\"text\" ><p>Vous pouvez\u00a0rechercher une transaction \u00e0 l\u2019aide de la <strong>barre de recherche<\/strong>. Il est \u00e9galement possible de rechercher les transactions \u00e0 l\u2019aide des <strong>barres de recherche<\/strong> de chaque caract\u00e9ristique sur les transactions.<\/p>\n<\/div><\/div><\/div><\/section>\n<section class='av_toggle_section av-lxx990o8-9b77b60343c6d979b99a42396deab220'  itemscope=\"itemscope\" itemtype=\"https:\/\/schema.org\/CreativeWork\" ><div role=\"tablist\" class=\"single_toggle\" data-tags=\"{Tout} \"  ><p id='toggle-toggle-id-6' data-fake-id='#toggle-id-6' class='toggler  av-title-above '  itemprop=\"headline\"  role='tab' tabindex='0' aria-controls='toggle-id-6' data-slide-speed=\"200\" data-title=\"6. T\u00e9l\u00e9charger les transactions\" data-title-open=\"\">6. T\u00e9l\u00e9charger les transactions<span class=\"toggle_icon\"><span class=\"vert_icon\"><\/span><span class=\"hor_icon\"><\/span><\/span><\/p><div id='toggle-id-6' aria-labelledby='toggle-toggle-id-6' role='region' class='toggle_wrap  av-title-above'  ><div class='toggle_content invers-color '  itemprop=\"text\" ><p>Vous pouvez <strong>t\u00e9l\u00e9charger<\/strong> les lignes du rapport sur la page actuelle sous diff\u00e9rents formats, la <strong>copier<\/strong> ou l\u2019<strong>imprimer<\/strong>. Il est \u00e9galement possible de choisir le <strong>nombre de lignes<\/strong> affich\u00e9es par page.<\/p>\n<\/div><\/div><\/div><\/section>\n<\/div><\/div>\n","protected":false},"excerpt":{"rendered":"","protected":false},"author":1,"featured_media":0,"parent":0,"menu_order":0,"comment_status":"closed","ping_status":"closed","template":"","meta":{"footnotes":""},"class_list":["post-3327","page","type-page","status-publish","hentry"],"_links":{"self":[{"href":"https:\/\/aide.nextore.fr\/index.php\/wp-json\/wp\/v2\/pages\/3327"}],"collection":[{"href":"https:\/\/aide.nextore.fr\/index.php\/wp-json\/wp\/v2\/pages"}],"about":[{"href":"https:\/\/aide.nextore.fr\/index.php\/wp-json\/wp\/v2\/types\/page"}],"author":[{"embeddable":true,"href":"https:\/\/aide.nextore.fr\/index.php\/wp-json\/wp\/v2\/users\/1"}],"replies":[{"embeddable":true,"href":"https:\/\/aide.nextore.fr\/index.php\/wp-json\/wp\/v2\/comments?post=3327"}],"version-history":[{"count":6,"href":"https:\/\/aide.nextore.fr\/index.php\/wp-json\/wp\/v2\/pages\/3327\/revisions"}],"predecessor-version":[{"id":3672,"href":"https:\/\/aide.nextore.fr\/index.php\/wp-json\/wp\/v2\/pages\/3327\/revisions\/3672"}],"wp:attachment":[{"href":"https:\/\/aide.nextore.fr\/index.php\/wp-json\/wp\/v2\/media?parent=3327"}],"curies":[{"name":"wp","href":"https:\/\/api.w.org\/{rel}","templated":true}]}}