{"id":3312,"date":"2024-06-27T11:20:42","date_gmt":"2024-06-27T09:20:42","guid":{"rendered":"https:\/\/aide.nextore.fr\/?page_id=3312"},"modified":"2025-09-29T16:54:49","modified_gmt":"2025-09-29T14:54:49","slug":"4-1-1-liste-produits-modifier-produit","status":"publish","type":"page","link":"https:\/\/aide.nextore.fr\/index.php\/4-1-1-liste-produits-modifier-produit\/","title":{"rendered":"Liste produits -> Modifier produit"},"content":{"rendered":"\n<style type=\"text\/css\" data-created_by=\"avia_inline_auto\" id=\"style-css-av-lxx0e2u6-aeac0b8950a9948b4818da18b38aba9f\">\n.avia-section.av-lxx0e2u6-aeac0b8950a9948b4818da18b38aba9f .av-extra-border-element .av-extra-border-inner{\nbackground-color:#ffffff;\n}\n<\/style>\n<div id='av_section_1'  class='avia-section av-lxx0e2u6-aeac0b8950a9948b4818da18b38aba9f main_color avia-section-default avia-no-border-styling  avia-builder-el-0  el_before_av_section  avia-builder-el-first  avia-bg-style-scroll av-arrow-down-section container_wrap fullsize'  ><div class='container av-section-cont-open' ><main  role=\"main\" itemprop=\"mainContentOfPage\"  class='template-page content  av-content-full alpha units'><div class='post-entry post-entry-type-page post-entry-3312'><div class='entry-content-wrapper clearfix'>\n\n<style type=\"text\/css\" data-created_by=\"avia_inline_auto\" id=\"style-css-av-hoxlio-38c110d1e009b4739089b5a6dd97c0ae\">\n.flex_column.av-hoxlio-38c110d1e009b4739089b5a6dd97c0ae{\nborder-radius:0px 0px 0px 0px;\npadding:0px 0px 0px 0px;\n}\n<\/style>\n<div  class='flex_column av-hoxlio-38c110d1e009b4739089b5a6dd97c0ae av_one_full  avia-builder-el-1  avia-builder-el-no-sibling  first flex_column_div av-zero-column-padding  '     ><p>\n<style type=\"text\/css\" data-created_by=\"avia_inline_auto\" id=\"style-css-av-lxx0dpsu-607b304526610d23cde765645c60dc0b\">\n#top .av-special-heading.av-lxx0dpsu-607b304526610d23cde765645c60dc0b{\npadding-bottom:0;\n}\nbody .av-special-heading.av-lxx0dpsu-607b304526610d23cde765645c60dc0b .av-special-heading-tag .heading-char{\nfont-size:25px;\n}\n.av-special-heading.av-lxx0dpsu-607b304526610d23cde765645c60dc0b .av-subheading{\nfont-size:15px;\n}\n<\/style>\n<div  class='av-special-heading av-lxx0dpsu-607b304526610d23cde765645c60dc0b av-special-heading-h3 blockquote modern-quote  avia-builder-el-2  el_before_av_hr  avia-builder-el-first '><h3 class='av-special-heading-tag '  itemprop=\"headline\"  >MODIFIER PLUSIEURS PRODUITS<\/h3><div class=\"special-heading-border\"><div class=\"special-heading-inner-border\"><\/div><\/div><\/div><br \/>\n\n<style type=\"text\/css\" data-created_by=\"avia_inline_auto\" id=\"style-css-av-fh70gw-5b932c0fa5eee1feb8dad3165586c73e\">\n#top .hr.av-fh70gw-5b932c0fa5eee1feb8dad3165586c73e{\nmargin-top:0px;\nmargin-bottom:10px;\n}\n.hr.av-fh70gw-5b932c0fa5eee1feb8dad3165586c73e .hr-inner{\nwidth:100px;\nborder-color:#000000;\n}\n<\/style>\n<div  class='hr av-fh70gw-5b932c0fa5eee1feb8dad3165586c73e hr-custom  avia-builder-el-3  el_after_av_heading  avia-builder-el-last  hr-left hr-icon-no'><span class='hr-inner inner-border-av-border-fat'><span class=\"hr-inner-style\"><\/span><\/span><\/div><\/p><\/div>\n\n<\/div><\/div><\/main><!-- close content main element --><\/div><div class='av-extra-border-element border-extra-arrow-down'><div class='av-extra-border-outer'><div class='av-extra-border-inner'><\/div><\/div><\/div><\/div><div id='av_section_2'  class='avia-section av-1exx2o-deba53b14beaca10da0fd8cd9ab21055 main_color avia-section-default avia-no-border-styling  avia-builder-el-4  el_after_av_section  avia-builder-el-last  avia-bg-style-scroll container_wrap fullsize'  ><div class='container av-section-cont-open' ><div class='template-page content  av-content-full alpha units'><div class='post-entry post-entry-type-page post-entry-3312'><div class='entry-content-wrapper clearfix'>\n\n<style type=\"text\/css\" data-created_by=\"avia_inline_auto\" id=\"style-css-av-cb7sf4-60fbe6f1ac8d0b18b2f69e368b5c2285\">\n.flex_column.av-cb7sf4-60fbe6f1ac8d0b18b2f69e368b5c2285{\nborder-radius:0px 0px 0px 0px;\npadding:0px 0px 0px 0px;\n}\n<\/style>\n<div  class='flex_column av-cb7sf4-60fbe6f1ac8d0b18b2f69e368b5c2285 av_three_fifth  avia-builder-el-5  el_before_av_two_fifth  avia-builder-el-first  first flex_column_div av-zero-column-padding  '     ><style type=\"text\/css\" data-created_by=\"avia_inline_auto\" id=\"style-css-sub-av-lxx113kc-935fa9ccb196485ca7ebdf88fb6353bd\">\n.av-hotspot-image-container .av-image-hotspot.av-an2kw0-cd2f24a94155d954f33653d96662448b{\ntop:16.9%;\nleft:33.8%;\n}\n.av-hotspot-image-container .av-image-hotspot.av-an2kw0-cd2f24a94155d954f33653d96662448b .av-image-hotspot_inner{\nbackground-color:#323232;\ncolor:#ffffff;\n}\n.av-hotspot-image-container .av-image-hotspot.av-9nr5a8-085285e443f7f7114b40b66ea8720786{\ntop:62.8%;\nleft:33.7%;\n}\n.av-hotspot-image-container .av-image-hotspot.av-9nr5a8-085285e443f7f7114b40b66ea8720786 .av-image-hotspot_inner{\nbackground-color:#323232;\ncolor:#ffffff;\n}\n.av-hotspot-image-container .av-image-hotspot.av-74f934-39f047977d323ed74a9017622f366a53{\ntop:26.6%;\nleft:34.2%;\n}\n.av-hotspot-image-container .av-image-hotspot.av-74f934-39f047977d323ed74a9017622f366a53 .av-image-hotspot_inner{\nbackground-color:#323232;\ncolor:#ffffff;\n}\n.av-hotspot-image-container .av-image-hotspot.av-6doglc-3f204d1367ff6aa002d082199e0eaea5{\ntop:2.2%;\nleft:86.7%;\n}\n.av-hotspot-image-container .av-image-hotspot.av-6doglc-3f204d1367ff6aa002d082199e0eaea5 .av-image-hotspot_inner{\nbackground-color:#323232;\ncolor:#ffffff;\n}\n.av-hotspot-image-container .av-image-hotspot.av-3vv7zk-6d58319c4936340bd66f30904154509d{\ntop:97%;\nleft:17%;\n}\n.av-hotspot-image-container .av-image-hotspot.av-3vv7zk-6d58319c4936340bd66f30904154509d .av-image-hotspot_inner{\nbackground-color:#323232;\ncolor:#ffffff;\n}\n<\/style>\n<div  class='av-hotspot-image-container av-lxx113kc-935fa9ccb196485ca7ebdf88fb6353bd  avia-builder-el-6  avia-builder-el-no-sibling  av-hotspot-numbered avia_animated_image avia_animate_when_almost_visible fade-in av-mobile-fallback-active  av-non-fullwidth-hotspot-image'  itemprop=\"image\" itemscope=\"itemscope\" itemtype=\"https:\/\/schema.org\/ImageObject\" ><div class='av-hotspot-container'><div class='av-hotspot-container-inner-cell'><div class='av-hotspot-container-inner-wrap'><div class='av-image-hotspot av-an2kw0-cd2f24a94155d954f33653d96662448b av-image-hotspot-1 ' data-avia-tooltip-position='left' data-avia-tooltip-alignment='centered' data-avia-tooltip-class='av-tt-default-width av-tt-pos-left av-tt-align-centered  av-mobile-fallback-active  transparent_dark av-tt-hotspot' data-avia-tooltip=''><div class='av-image-hotspot_inner'>1<\/div><div class='av-image-hotspot-pulse'><\/div><\/div><div class='av-image-hotspot av-9nr5a8-085285e443f7f7114b40b66ea8720786 av-image-hotspot-2 ' data-avia-tooltip-position='right' data-avia-tooltip-alignment='centered' data-avia-tooltip-class='av-tt-default-width av-tt-pos-right av-tt-align-centered  av-mobile-fallback-active  transparent_dark av-tt-hotspot' data-avia-tooltip=''><div class='av-image-hotspot_inner'>2<\/div><div class='av-image-hotspot-pulse'><\/div><\/div><div class='av-image-hotspot av-74f934-39f047977d323ed74a9017622f366a53 av-image-hotspot-3 ' data-avia-tooltip-position='right' data-avia-tooltip-alignment='centered' data-avia-tooltip-class='av-tt-default-width av-tt-pos-right av-tt-align-centered  av-mobile-fallback-active  transparent_dark av-tt-hotspot' data-avia-tooltip=''><div class='av-image-hotspot_inner'>3<\/div><div class='av-image-hotspot-pulse'><\/div><\/div><div class='av-image-hotspot av-6doglc-3f204d1367ff6aa002d082199e0eaea5 av-image-hotspot-4 ' data-avia-tooltip-position='right' data-avia-tooltip-alignment='centered' data-avia-tooltip-class='av-tt-default-width av-tt-pos-right av-tt-align-centered  av-mobile-fallback-active  transparent_dark av-tt-hotspot' data-avia-tooltip=''><div class='av-image-hotspot_inner'>4<\/div><div class='av-image-hotspot-pulse'><\/div><\/div><div class='av-image-hotspot av-3vv7zk-6d58319c4936340bd66f30904154509d av-image-hotspot-5 ' data-avia-tooltip-position='right' data-avia-tooltip-alignment='centered' data-avia-tooltip-class='av-tt-default-width av-tt-pos-right av-tt-align-centered  av-mobile-fallback-active  transparent_dark av-tt-hotspot' data-avia-tooltip=''><div class='av-image-hotspot_inner'>5<\/div><div class='av-image-hotspot-pulse'><\/div><\/div><img decoding=\"async\" fetchpriority=\"high\" class='wp-image-3315 avia-img-lazy-loading-not-3315 avia_image' src=\"https:\/\/aide.nextore.fr\/wp-content\/uploads\/2024\/06\/4.1.1-Liste-produit-Modifier-produits-1.2.png\" alt='' title='4.1.1 Liste produit - Modifier produits 1.2'  height=\"1042\" width=\"1612\"  itemprop=\"thumbnailUrl\" srcset=\"https:\/\/aide.nextore.fr\/wp-content\/uploads\/2024\/06\/4.1.1-Liste-produit-Modifier-produits-1.2.png 1612w, https:\/\/aide.nextore.fr\/wp-content\/uploads\/2024\/06\/4.1.1-Liste-produit-Modifier-produits-1.2-300x194.png 300w, https:\/\/aide.nextore.fr\/wp-content\/uploads\/2024\/06\/4.1.1-Liste-produit-Modifier-produits-1.2-1030x666.png 1030w, https:\/\/aide.nextore.fr\/wp-content\/uploads\/2024\/06\/4.1.1-Liste-produit-Modifier-produits-1.2-768x496.png 768w, https:\/\/aide.nextore.fr\/wp-content\/uploads\/2024\/06\/4.1.1-Liste-produit-Modifier-produits-1.2-1536x993.png 1536w, https:\/\/aide.nextore.fr\/wp-content\/uploads\/2024\/06\/4.1.1-Liste-produit-Modifier-produits-1.2-1500x970.png 1500w, https:\/\/aide.nextore.fr\/wp-content\/uploads\/2024\/06\/4.1.1-Liste-produit-Modifier-produits-1.2-705x456.png 705w\" sizes=\"(max-width: 1612px) 100vw, 1612px\" \/><\/div><\/div><\/div><\/div><\/div>\n<style type=\"text\/css\" data-created_by=\"avia_inline_auto\" id=\"style-css-av-1yesk0-da18a0436217cf96c11567aadc0f55b9\">\n.flex_column.av-1yesk0-da18a0436217cf96c11567aadc0f55b9{\nborder-radius:0px 0px 0px 0px;\npadding:0px 0px 0px 0px;\n}\n<\/style>\n<div  class='flex_column av-1yesk0-da18a0436217cf96c11567aadc0f55b9 av_two_fifth  avia-builder-el-7  el_after_av_three_fifth  avia-builder-el-last  flex_column_div av-zero-column-padding  '     ><div  class='togglecontainer av-lxx15c1g-27b8720dae28295ee9e8d10431f3ca2a  avia-builder-el-8  avia-builder-el-no-sibling  toggle_close_all' >\n<section class='av_toggle_section av-lxx15aic-c041824257f88d1dd41454f7da819943'  itemscope=\"itemscope\" itemtype=\"https:\/\/schema.org\/CreativeWork\" ><div role=\"tablist\" class=\"single_toggle\" data-tags=\"{Tout} \"  ><p id='toggle-toggle-id-1' data-fake-id='#toggle-id-1' class='toggler  activeTitle av-title-above '  itemprop=\"headline\"  role='tab' tabindex='0' aria-controls='toggle-id-1' data-slide-speed=\"200\" data-title=\"1. Modification du premier produit\" data-title-open=\"\">1. Modification du premier produit<span class=\"toggle_icon\"><span class=\"vert_icon\"><\/span><span class=\"hor_icon\"><\/span><\/span><\/p><div id='toggle-id-1' aria-labelledby='toggle-toggle-id-1' role='region' class='toggle_wrap  active_tc av-title-above' style='display:block;' ><div class='toggle_content invers-color '  itemprop=\"text\" ><p>Vous pouvez modifier les diff\u00e9rentes caract\u00e9ristiques du premier produit dans les diff\u00e9rents champs qui sont affich\u00e9s. Vous pouvez renseigner son <strong>nom<\/strong>, son <strong>prix de vente TTC<\/strong>, son <strong>prix de site<\/strong>, sa <strong>TVA<\/strong>, son <strong>prix<\/strong> <strong>d&rsquo;achat<\/strong>, une <strong>image<\/strong>, une <strong>cat\u00e9gorie<\/strong>, un <strong>code<\/strong> <strong>barre<\/strong>, un <strong>alerte<\/strong> si une quantit\u00e9 minimale est d\u00e9pass\u00e9e, une <strong>couleur<\/strong> de la touche de ce produit sur la caisse, un <strong>compte de comptabilit\u00e9<\/strong> \u00e0 la vente, une <strong>marque<\/strong>, l&rsquo;<strong>imprimante cuisine<\/strong> associ\u00e9e, un <strong>conditionnement<\/strong> ainsi qu&rsquo;un <strong>statut<\/strong>.<\/p>\n<\/div><\/div><\/div><\/section>\n<section class='av_toggle_section av-lxx1o0yf-b08ad03728e7327cb997b6b239c7df73'  itemscope=\"itemscope\" itemtype=\"https:\/\/schema.org\/CreativeWork\" ><div role=\"tablist\" class=\"single_toggle\" data-tags=\"{Tout} \"  ><p id='toggle-toggle-id-2' data-fake-id='#toggle-id-2' class='toggler  av-title-above '  itemprop=\"headline\"  role='tab' tabindex='0' aria-controls='toggle-id-2' data-slide-speed=\"200\" data-title=\"2. Modification des autres produits\" data-title-open=\"\">2. Modification des autres produits<span class=\"toggle_icon\"><span class=\"vert_icon\"><\/span><span class=\"hor_icon\"><\/span><\/span><\/p><div id='toggle-id-2' aria-labelledby='toggle-toggle-id-2' role='region' class='toggle_wrap  av-title-above'  ><div class='toggle_content invers-color '  itemprop=\"text\" ><p>Vous pouvez renseigner les <strong>informations<\/strong> de ces produits comme vous l&rsquo;avez fait pour le premier produit.<\/p>\n<\/div><\/div><\/div><\/section>\n<section class='av_toggle_section av-lxx1o62w-bf70a505e0e826d9d7c076177a54d1d8'  itemscope=\"itemscope\" itemtype=\"https:\/\/schema.org\/CreativeWork\" ><div role=\"tablist\" class=\"single_toggle\" data-tags=\"{Tout} \"  ><p id='toggle-toggle-id-3' data-fake-id='#toggle-id-3' class='toggler  av-title-above '  itemprop=\"headline\"  role='tab' tabindex='0' aria-controls='toggle-id-3' data-slide-speed=\"200\" data-title=\"3. Appliquer \u00e0 tous les produits\" data-title-open=\"\">3. Appliquer \u00e0 tous les produits<span class=\"toggle_icon\"><span class=\"vert_icon\"><\/span><span class=\"hor_icon\"><\/span><\/span><\/p><div id='toggle-id-3' aria-labelledby='toggle-toggle-id-3' role='region' class='toggle_wrap  av-title-above'  ><div class='toggle_content invers-color '  itemprop=\"text\" ><p>Vous pouvez cliquer sur la\u00a0<strong>fl\u00e8che bleue<\/strong> situ\u00e9e \u00e0 cot\u00e9 d&rsquo;une caract\u00e9ristique du premier produits pour l&rsquo;appliquer \u00e0 tous les autres produits.<\/p>\n<\/div><\/div><\/div><\/section>\n<section class='av_toggle_section av-lxx1otoo-7c129f8ae062eb1ce5e9b5f736ada1b4'  itemscope=\"itemscope\" itemtype=\"https:\/\/schema.org\/CreativeWork\" ><div role=\"tablist\" class=\"single_toggle\" data-tags=\"{Tout} \"  ><p id='toggle-toggle-id-4' data-fake-id='#toggle-id-4' class='toggler  av-title-above '  itemprop=\"headline\"  role='tab' tabindex='0' aria-controls='toggle-id-4' data-slide-speed=\"200\" data-title=\"4. Afficher les fournisseurs\" data-title-open=\"\">4. Afficher les fournisseurs<span class=\"toggle_icon\"><span class=\"vert_icon\"><\/span><span class=\"hor_icon\"><\/span><\/span><\/p><div id='toggle-id-4' aria-labelledby='toggle-toggle-id-4' role='region' class='toggle_wrap  av-title-above'  ><div class='toggle_content invers-color '  itemprop=\"text\" ><p>Vous pouvez cliquer sur le bouton\u00a0<strong>Afficher les fournisseurs<\/strong> afin d&rsquo;ajouter plus de modifications disponibles sur les produits concernant les fournisseurs.<\/p>\n<p><img loading=\"lazy\" decoding=\"async\" class=\"alignnone size-full wp-image-3314\" src=\"https:\/\/aide.nextore.fr\/wp-content\/uploads\/2024\/06\/4.1.1-Liste-produit-Modifier-produits-2.png\" alt=\"\" width=\"1517\" height=\"330\" srcset=\"https:\/\/aide.nextore.fr\/wp-content\/uploads\/2024\/06\/4.1.1-Liste-produit-Modifier-produits-2.png 1517w, https:\/\/aide.nextore.fr\/wp-content\/uploads\/2024\/06\/4.1.1-Liste-produit-Modifier-produits-2-300x65.png 300w, https:\/\/aide.nextore.fr\/wp-content\/uploads\/2024\/06\/4.1.1-Liste-produit-Modifier-produits-2-1030x224.png 1030w, https:\/\/aide.nextore.fr\/wp-content\/uploads\/2024\/06\/4.1.1-Liste-produit-Modifier-produits-2-768x167.png 768w, https:\/\/aide.nextore.fr\/wp-content\/uploads\/2024\/06\/4.1.1-Liste-produit-Modifier-produits-2-1500x326.png 1500w, https:\/\/aide.nextore.fr\/wp-content\/uploads\/2024\/06\/4.1.1-Liste-produit-Modifier-produits-2-705x153.png 705w\" sizes=\"(max-width: 1517px) 100vw, 1517px\" \/><\/p>\n<\/div><\/div><\/div><\/section>\n<section class='av_toggle_section av-lxx1twtf-fdeab81f78a264c005876fbe5d289efb'  itemscope=\"itemscope\" itemtype=\"https:\/\/schema.org\/CreativeWork\" ><div role=\"tablist\" class=\"single_toggle\" data-tags=\"{Tout} \"  ><p id='toggle-toggle-id-5' data-fake-id='#toggle-id-5' class='toggler  av-title-above '  itemprop=\"headline\"  role='tab' tabindex='0' aria-controls='toggle-id-5' data-slide-speed=\"200\" data-title=\"5. Valider les modifications\" data-title-open=\"\">5. Valider les modifications<span class=\"toggle_icon\"><span class=\"vert_icon\"><\/span><span class=\"hor_icon\"><\/span><\/span><\/p><div id='toggle-id-5' aria-labelledby='toggle-toggle-id-5' role='region' class='toggle_wrap  av-title-above'  ><div class='toggle_content invers-color '  itemprop=\"text\" ><p>Vous pouvez cliquer sur le bouton\u00a0<strong>Modifier les produits<\/strong> pour valider vos changements.<\/p>\n<\/div><\/div><\/div><\/section>\n<\/div><\/div>\n","protected":false},"excerpt":{"rendered":"","protected":false},"author":1,"featured_media":0,"parent":0,"menu_order":0,"comment_status":"closed","ping_status":"closed","template":"","meta":{"footnotes":""},"class_list":["post-3312","page","type-page","status-publish","hentry"],"_links":{"self":[{"href":"https:\/\/aide.nextore.fr\/index.php\/wp-json\/wp\/v2\/pages\/3312"}],"collection":[{"href":"https:\/\/aide.nextore.fr\/index.php\/wp-json\/wp\/v2\/pages"}],"about":[{"href":"https:\/\/aide.nextore.fr\/index.php\/wp-json\/wp\/v2\/types\/page"}],"author":[{"embeddable":true,"href":"https:\/\/aide.nextore.fr\/index.php\/wp-json\/wp\/v2\/users\/1"}],"replies":[{"embeddable":true,"href":"https:\/\/aide.nextore.fr\/index.php\/wp-json\/wp\/v2\/comments?post=3312"}],"version-history":[{"count":3,"href":"https:\/\/aide.nextore.fr\/index.php\/wp-json\/wp\/v2\/pages\/3312\/revisions"}],"predecessor-version":[{"id":3669,"href":"https:\/\/aide.nextore.fr\/index.php\/wp-json\/wp\/v2\/pages\/3312\/revisions\/3669"}],"wp:attachment":[{"href":"https:\/\/aide.nextore.fr\/index.php\/wp-json\/wp\/v2\/media?parent=3312"}],"curies":[{"name":"wp","href":"https:\/\/api.w.org\/{rel}","templated":true}]}}