{"id":3079,"date":"2023-06-21T14:27:52","date_gmt":"2023-06-21T12:27:52","guid":{"rendered":"https:\/\/aide.nextore.fr\/?page_id=3079"},"modified":"2023-06-23T10:56:51","modified_gmt":"2023-06-23T08:56:51","slug":"details-des-produits","status":"publish","type":"page","link":"https:\/\/aide.nextore.fr\/index.php\/details-des-produits\/","title":{"rendered":"D\u00e9tails des produits"},"content":{"rendered":"\n<style type=\"text\/css\" data-created_by=\"avia_inline_auto\" id=\"style-css-av-van1tz-9d423fa4f05d3e6742dc7c1dcdf658f3\">\n.avia-section.av-van1tz-9d423fa4f05d3e6742dc7c1dcdf658f3 .av-extra-border-element .av-extra-border-inner{\nbackground-color:#ffffff;\n}\n<\/style>\n<div id='listeproduits'  class='avia-section av-van1tz-9d423fa4f05d3e6742dc7c1dcdf658f3 main_color avia-section-default avia-no-border-styling  avia-builder-el-0  avia-builder-el-no-sibling  avia-bg-style-scroll av-arrow-down-section container_wrap fullsize'  ><div class='container av-section-cont-open' ><main  role=\"main\" itemprop=\"mainContentOfPage\"  class='template-page content  av-content-full alpha units'><div class='post-entry post-entry-type-page post-entry-3079'><div class='entry-content-wrapper clearfix'>\n\n<style type=\"text\/css\" data-created_by=\"avia_inline_auto\" id=\"style-css-av-sjrt47-88e619f46e2c02a123a754c58b815871\">\n.flex_column.av-sjrt47-88e619f46e2c02a123a754c58b815871{\nborder-radius:0px 0px 0px 0px;\npadding:0px 0px 0px 0px;\n}\n<\/style>\n<div  class='flex_column av-sjrt47-88e619f46e2c02a123a754c58b815871 av_one_full  avia-builder-el-1  el_before_av_three_fifth  avia-builder-el-first  first flex_column_div av-zero-column-padding  '     ><p>\n<style type=\"text\/css\" data-created_by=\"avia_inline_auto\" id=\"style-css-av-lj5owb6l-43f8ab2cec63fc3d1abb87e4463835bc\">\n#top .av-special-heading.av-lj5owb6l-43f8ab2cec63fc3d1abb87e4463835bc{\npadding-bottom:0;\n}\nbody .av-special-heading.av-lj5owb6l-43f8ab2cec63fc3d1abb87e4463835bc .av-special-heading-tag .heading-char{\nfont-size:25px;\n}\n.av-special-heading.av-lj5owb6l-43f8ab2cec63fc3d1abb87e4463835bc .av-subheading{\nfont-size:15px;\n}\n<\/style>\n<div  class='av-special-heading av-lj5owb6l-43f8ab2cec63fc3d1abb87e4463835bc av-special-heading-h3 blockquote modern-quote  avia-builder-el-2  el_before_av_hr  avia-builder-el-first '><h3 class='av-special-heading-tag '  itemprop=\"headline\"  >DETAILS DES PRODUITS<\/h3><div class=\"special-heading-border\"><div class=\"special-heading-inner-border\"><\/div><\/div><\/div><br \/>\n\n<style type=\"text\/css\" data-created_by=\"avia_inline_auto\" id=\"style-css-av-rqvn4n-5fa8e3647d349e5751307cccf5d19ece\">\n#top .hr.av-rqvn4n-5fa8e3647d349e5751307cccf5d19ece{\nmargin-top:0px;\nmargin-bottom:10px;\n}\n.hr.av-rqvn4n-5fa8e3647d349e5751307cccf5d19ece .hr-inner{\nwidth:100px;\nborder-color:#000000;\n}\n<\/style>\n<div  class='hr av-rqvn4n-5fa8e3647d349e5751307cccf5d19ece hr-custom  avia-builder-el-3  el_after_av_heading  avia-builder-el-last  hr-left hr-icon-no'><span class='hr-inner inner-border-av-border-fat'><span class=\"hr-inner-style\"><\/span><\/span><\/div><\/p><\/div>\n<style type=\"text\/css\" data-created_by=\"avia_inline_auto\" id=\"style-css-av-pwyj13-b986e0ab5ea5aef3dd991f72c1f092a6\">\n.flex_column.av-pwyj13-b986e0ab5ea5aef3dd991f72c1f092a6{\nborder-radius:0px 0px 0px 0px;\npadding:0px 0px 0px 0px;\n}\n<\/style>\n<div  class='flex_column av-pwyj13-b986e0ab5ea5aef3dd991f72c1f092a6 av_three_fifth  avia-builder-el-4  el_after_av_one_full  el_before_av_two_fifth  first flex_column_div av-zero-column-padding  column-top-margin'     ><style type=\"text\/css\" data-created_by=\"avia_inline_auto\" id=\"style-css-sub-av-lj5ox719-440b06b672f5296d027bf355d53d0761\">\n.av-hotspot-image-container .av-image-hotspot.av-onhnk7-a43c46d248756808bd6130c44f3b368c{\ntop:8.1%;\nleft:95.7%;\n}\n.av-hotspot-image-container .av-image-hotspot.av-onhnk7-a43c46d248756808bd6130c44f3b368c .av-image-hotspot_inner{\nbackground-color:#323232;\ncolor:#ffffff;\n}\n.av-hotspot-image-container .av-image-hotspot.av-lx0zjb-e555fd8c858e8938325c36e6fc3e517b{\ntop:33.3%;\nleft:4.5%;\n}\n.av-hotspot-image-container .av-image-hotspot.av-lx0zjb-e555fd8c858e8938325c36e6fc3e517b .av-image-hotspot_inner{\nbackground-color:#323232;\ncolor:#ffffff;\n}\n.av-hotspot-image-container .av-image-hotspot.av-kgx4o7-9e373e8054c7db42671ec547f8b42d4a{\ntop:19.7%;\nleft:82.1%;\n}\n.av-hotspot-image-container .av-image-hotspot.av-kgx4o7-9e373e8054c7db42671ec547f8b42d4a .av-image-hotspot_inner{\nbackground-color:#323232;\ncolor:#ffffff;\n}\n.av-hotspot-image-container .av-image-hotspot.av-j9mwzr-15a79a37db2022a0806a9dd4e267c641{\ntop:20%;\nleft:28.8%;\n}\n.av-hotspot-image-container .av-image-hotspot.av-j9mwzr-15a79a37db2022a0806a9dd4e267c641 .av-image-hotspot_inner{\nbackground-color:#323232;\ncolor:#ffffff;\n}\n.av-hotspot-image-container .av-image-hotspot.av-g58pev-f5a739a545236692afda64256e54a340{\ntop:44.6%;\nleft:46.9%;\n}\n.av-hotspot-image-container .av-image-hotspot.av-g58pev-f5a739a545236692afda64256e54a340 .av-image-hotspot_inner{\nbackground-color:#323232;\ncolor:#ffffff;\n}\n.av-hotspot-image-container .av-image-hotspot.av-g58pev-2-c1f0806f0933ada1823cb94ad0b8f6c2{\ntop:9.7%;\nleft:19.4%;\n}\n.av-hotspot-image-container .av-image-hotspot.av-g58pev-2-c1f0806f0933ada1823cb94ad0b8f6c2 .av-image-hotspot_inner{\nbackground-color:#323232;\ncolor:#ffffff;\n}\n<\/style>\n<div  class='av-hotspot-image-container av-lj5ox719-440b06b672f5296d027bf355d53d0761  avia-builder-el-5  avia-builder-el-no-sibling  av-hotspot-numbered avia_animated_image avia_animate_when_almost_visible fade-in av-mobile-fallback-active  av-non-fullwidth-hotspot-image'  itemprop=\"image\" itemscope=\"itemscope\" itemtype=\"https:\/\/schema.org\/ImageObject\" ><div class='av-hotspot-container'><div class='av-hotspot-container-inner-cell'><div class='av-hotspot-container-inner-wrap'><div class='av-image-hotspot av-onhnk7-a43c46d248756808bd6130c44f3b368c av-image-hotspot-1 ' data-avia-tooltip-position='left' data-avia-tooltip-alignment='centered' data-avia-tooltip-class='av-tt-default-width av-tt-pos-left av-tt-align-centered  av-mobile-fallback-active  transparent_dark av-tt-hotspot' data-avia-tooltip='&lt;p style=&quot;text-align: center;&quot;&gt;&lt;strong&gt;Modification g\u00e9n\u00e9rale&lt;\/strong&gt;&lt;\/p&gt;\n'><div class='av-image-hotspot_inner'>1<\/div><div class='av-image-hotspot-pulse'><\/div><\/div><div class='av-image-hotspot av-lx0zjb-e555fd8c858e8938325c36e6fc3e517b av-image-hotspot-2 ' data-avia-tooltip-position='right' data-avia-tooltip-alignment='centered' data-avia-tooltip-class='av-tt-default-width av-tt-pos-right av-tt-align-centered  av-mobile-fallback-active  transparent_dark av-tt-hotspot' data-avia-tooltip='&lt;p style=&quot;text-align: center;&quot;&gt;&lt;b&gt;S\u00e9lectionner&lt;\/b&gt;&lt;strong&gt;\u00a0des produits&lt;\/strong&gt;&lt;\/p&gt;\n'><div class='av-image-hotspot_inner'>2<\/div><div class='av-image-hotspot-pulse'><\/div><\/div><div class='av-image-hotspot av-kgx4o7-9e373e8054c7db42671ec547f8b42d4a av-image-hotspot-3 ' data-avia-tooltip-position='left' data-avia-tooltip-alignment='centered' data-avia-tooltip-class='av-tt-default-width av-tt-pos-left av-tt-align-centered  av-mobile-fallback-active  transparent_dark av-tt-hotspot' data-avia-tooltip='&lt;p style=&quot;text-align: center;&quot;&gt;&lt;strong&gt;Rechercher un produit&lt;\/strong&gt;&lt;\/p&gt;\n'><div class='av-image-hotspot_inner'>3<\/div><div class='av-image-hotspot-pulse'><\/div><\/div><div class='av-image-hotspot av-j9mwzr-15a79a37db2022a0806a9dd4e267c641 av-image-hotspot-4 ' data-avia-tooltip-position='right' data-avia-tooltip-alignment='centered' data-avia-tooltip-class='av-tt-default-width av-tt-pos-right av-tt-align-centered  av-mobile-fallback-active  transparent_dark av-tt-hotspot' data-avia-tooltip='&lt;p style=&quot;text-align: center;&quot;&gt;&lt;strong&gt;T\u00e9l\u00e9charger la liste des produits&lt;\/strong&gt;&lt;\/p&gt;\n'><div class='av-image-hotspot_inner'>4<\/div><div class='av-image-hotspot-pulse'><\/div><\/div><div class='av-image-hotspot av-g58pev-f5a739a545236692afda64256e54a340 av-image-hotspot-5 ' data-avia-tooltip-position='right' data-avia-tooltip-alignment='centered' data-avia-tooltip-class='av-tt-default-width av-tt-pos-right av-tt-align-centered  av-mobile-fallback-active  transparent_dark av-tt-hotspot' data-avia-tooltip='&lt;p style=&quot;text-align: center;&quot;&gt;&lt;strong&gt;D\u00e9tails produit&lt;\/strong&gt;&lt;\/p&gt;\n'><div class='av-image-hotspot_inner'>5<\/div><div class='av-image-hotspot-pulse'><\/div><\/div><div class='av-image-hotspot av-g58pev-2-c1f0806f0933ada1823cb94ad0b8f6c2 av-image-hotspot-6 ' data-avia-tooltip-position='right' data-avia-tooltip-alignment='centered' data-avia-tooltip-class='av-tt-default-width av-tt-pos-right av-tt-align-centered  av-mobile-fallback-active  transparent_dark av-tt-hotspot' data-avia-tooltip='&lt;p style=&quot;text-align: center;&quot;&gt;&lt;strong&gt;Choisir les colonnes de caract\u00e9ristiques&lt;\/strong&gt;&lt;\/p&gt;\n'><div class='av-image-hotspot_inner'>6<\/div><div class='av-image-hotspot-pulse'><\/div><\/div><img decoding=\"async\" fetchpriority=\"high\" class='wp-image-3081 avia-img-lazy-loading-not-3081 avia_image' src=\"https:\/\/aide.nextore.fr\/wp-content\/uploads\/2023\/06\/Details-des-produits.png\" alt='' title='D\u00e9tails des produits'  height=\"1080\" width=\"1920\"  itemprop=\"thumbnailUrl\" srcset=\"https:\/\/aide.nextore.fr\/wp-content\/uploads\/2023\/06\/Details-des-produits.png 1920w, https:\/\/aide.nextore.fr\/wp-content\/uploads\/2023\/06\/Details-des-produits-300x169.png 300w, https:\/\/aide.nextore.fr\/wp-content\/uploads\/2023\/06\/Details-des-produits-1030x579.png 1030w, https:\/\/aide.nextore.fr\/wp-content\/uploads\/2023\/06\/Details-des-produits-768x432.png 768w, https:\/\/aide.nextore.fr\/wp-content\/uploads\/2023\/06\/Details-des-produits-1536x864.png 1536w, https:\/\/aide.nextore.fr\/wp-content\/uploads\/2023\/06\/Details-des-produits-1500x844.png 1500w, https:\/\/aide.nextore.fr\/wp-content\/uploads\/2023\/06\/Details-des-produits-705x397.png 705w\" sizes=\"(max-width: 1920px) 100vw, 1920px\" \/><\/div><\/div><\/div><div class='av-hotspot-fallback-tooltip av-image-hotspot-1 '><div class=\"av-hotspot-fallback-tooltip-count\">1<div class=\"avia-arrow\"><\/div><\/div><div class=\"av-hotspot-fallback-tooltip-inner clearfix\"><\/p>\n<p style=\"text-align: center;\"><strong>Modification g\u00e9n\u00e9rale<\/strong><\/p>\n<p>\n<\/div><\/div><div class='av-hotspot-fallback-tooltip av-image-hotspot-2 '><div class=\"av-hotspot-fallback-tooltip-count\">2<div class=\"avia-arrow\"><\/div><\/div><div class=\"av-hotspot-fallback-tooltip-inner clearfix\"><\/p>\n<p style=\"text-align: center;\"><b>S\u00e9lectionner<\/b><strong>\u00a0des produits<\/strong><\/p>\n<p>\n<\/div><\/div><div class='av-hotspot-fallback-tooltip av-image-hotspot-3 '><div class=\"av-hotspot-fallback-tooltip-count\">3<div class=\"avia-arrow\"><\/div><\/div><div class=\"av-hotspot-fallback-tooltip-inner clearfix\"><\/p>\n<p style=\"text-align: center;\"><strong>Rechercher un produit<\/strong><\/p>\n<p>\n<\/div><\/div><div class='av-hotspot-fallback-tooltip av-image-hotspot-4 '><div class=\"av-hotspot-fallback-tooltip-count\">4<div class=\"avia-arrow\"><\/div><\/div><div class=\"av-hotspot-fallback-tooltip-inner clearfix\"><\/p>\n<p style=\"text-align: center;\"><strong>T\u00e9l\u00e9charger la liste des produits<\/strong><\/p>\n<p>\n<\/div><\/div><div class='av-hotspot-fallback-tooltip av-image-hotspot-5 '><div class=\"av-hotspot-fallback-tooltip-count\">5<div class=\"avia-arrow\"><\/div><\/div><div class=\"av-hotspot-fallback-tooltip-inner clearfix\"><\/p>\n<p style=\"text-align: center;\"><strong>D\u00e9tails produit<\/strong><\/p>\n<p>\n<\/div><\/div><div class='av-hotspot-fallback-tooltip av-image-hotspot-6 '><div class=\"av-hotspot-fallback-tooltip-count\">6<div class=\"avia-arrow\"><\/div><\/div><div class=\"av-hotspot-fallback-tooltip-inner clearfix\"><\/p>\n<p style=\"text-align: center;\"><strong>Choisir les colonnes de caract\u00e9ristiques<\/strong><\/p>\n<p>\n<\/div><\/div><\/div><\/div>\n<style type=\"text\/css\" data-created_by=\"avia_inline_auto\" id=\"style-css-av-e5eyzr-d90cc0dbccfcf4a5eca9b79b484efc1f\">\n.flex_column.av-e5eyzr-d90cc0dbccfcf4a5eca9b79b484efc1f{\nborder-radius:0px 0px 0px 0px;\npadding:0px 0px 0px 0px;\n}\n<\/style>\n<div  class='flex_column av-e5eyzr-d90cc0dbccfcf4a5eca9b79b484efc1f av_two_fifth  avia-builder-el-6  el_after_av_three_fifth  avia-builder-el-last  flex_column_div av-zero-column-padding  column-top-margin'     ><div  class='togglecontainer av-cbq7tj-b6be0a477fa108a8e5eece1efdeaf5ac  avia-builder-el-7  avia-builder-el-no-sibling  toggle_close_all' >\n<section class='av_toggle_section av-alax1j-09e3c55ffb3c3576ddf6eab57314bfe1'  itemscope=\"itemscope\" itemtype=\"https:\/\/schema.org\/CreativeWork\" ><div role=\"tablist\" class=\"single_toggle\" data-tags=\"{Tout} \"  ><p id='toggle-toggle-id-1' data-fake-id='#toggle-id-1' class='toggler  activeTitle av-title-above '  itemprop=\"headline\"  role='tab' tabindex='0' aria-controls='toggle-id-1' data-slide-speed=\"200\" data-title=\"1. Modification g\u00e9n\u00e9rale \" data-title-open=\"\">1. Modification g\u00e9n\u00e9rale <span class=\"toggle_icon\"><span class=\"vert_icon\"><\/span><span class=\"hor_icon\"><\/span><\/span><\/p><div id='toggle-id-1' aria-labelledby='toggle-toggle-id-1' role='region' class='toggle_wrap  active_tc av-title-above' style='display:block;' ><div class='toggle_content invers-color '  itemprop=\"text\" ><p>\u00c0 partir de la touche situ\u00e9e en haut \u00e0 droite de votre \u00e9cran vous pourrez faire les m\u00eames actions que sur la page liste de produits, \u00e0 part aller sur la page\u00a0<strong>Liste produits d\u00e9taill\u00e9s<\/strong> car c&rsquo;est celle sur laquelle vous vous trouvez.<\/p>\n<\/div><\/div><\/div><\/section>\n<section class='av_toggle_section av-8neewn-2c43c942fafc7540373ec90caf952ef5'  itemscope=\"itemscope\" itemtype=\"https:\/\/schema.org\/CreativeWork\" ><div role=\"tablist\" class=\"single_toggle\" data-tags=\"{Tout} \"  ><p id='toggle-toggle-id-2' data-fake-id='#toggle-id-2' class='toggler  av-title-above '  itemprop=\"headline\"  role='tab' tabindex='0' aria-controls='toggle-id-2' data-slide-speed=\"200\" data-title=\"2. S\u00e9lectionner des produits\" data-title-open=\"\">2. S\u00e9lectionner des produits<span class=\"toggle_icon\"><span class=\"vert_icon\"><\/span><span class=\"hor_icon\"><\/span><\/span><\/p><div id='toggle-id-2' aria-labelledby='toggle-toggle-id-2' role='region' class='toggle_wrap  av-title-above'  ><div class='toggle_content invers-color '  itemprop=\"text\" ><p>Vous pouvez\u00a0<strong>s\u00e9lectionner\u00a0<\/strong>un ou plusieurs produits en cochant les cases \u00e0 gauche de ces derniers. C&rsquo;est utile pour <strong>modifier<\/strong> ou <strong>supprimer<\/strong> plusieurs produits \u00e0 la fois.<\/p>\n<p>Remarque : Cocher la case tout en haut \u00e0 gauche vous fera s\u00e9lectionner tous les produits de la page actuelle.<\/p>\n<\/div><\/div><\/div><\/section>\n<section class='av_toggle_section av-87q2jr-2c7eee8187c844fc8356e01d24a2aa67'  itemscope=\"itemscope\" itemtype=\"https:\/\/schema.org\/CreativeWork\" ><div role=\"tablist\" class=\"single_toggle\" data-tags=\"{Tout} \"  ><p id='toggle-toggle-id-3' data-fake-id='#toggle-id-3' class='toggler  av-title-above '  itemprop=\"headline\"  role='tab' tabindex='0' aria-controls='toggle-id-3' data-slide-speed=\"200\" data-title=\"3. Rechercher un produit\" data-title-open=\"\">3. Rechercher un produit<span class=\"toggle_icon\"><span class=\"vert_icon\"><\/span><span class=\"hor_icon\"><\/span><\/span><\/p><div id='toggle-id-3' aria-labelledby='toggle-toggle-id-3' role='region' class='toggle_wrap  av-title-above'  ><div class='toggle_content invers-color '  itemprop=\"text\" ><p>Vous pouvez\u00a0<strong>rechercher<\/strong> un produit \u00e0 l\u2019aide de la <strong>barre de recherche<\/strong>.<\/p>\n<p>Il est \u00e9galement possible de rechercher les produits \u00e0 l\u2019aide des barres de recherche de chaque caract\u00e9ristique sur les produits.<\/p>\n<\/div><\/div><\/div><\/section>\n<section class='av_toggle_section av-58rrfr-0f3a3e71dac74265baff4ce071717d8a'  itemscope=\"itemscope\" itemtype=\"https:\/\/schema.org\/CreativeWork\" ><div role=\"tablist\" class=\"single_toggle\" data-tags=\"{Tout} \"  ><p id='toggle-toggle-id-4' data-fake-id='#toggle-id-4' class='toggler  av-title-above '  itemprop=\"headline\"  role='tab' tabindex='0' aria-controls='toggle-id-4' data-slide-speed=\"200\" data-title=\"4. T\u00e9l\u00e9charger la liste des produits\" data-title-open=\"\">4. T\u00e9l\u00e9charger la liste des produits<span class=\"toggle_icon\"><span class=\"vert_icon\"><\/span><span class=\"hor_icon\"><\/span><\/span><\/p><div id='toggle-id-4' aria-labelledby='toggle-toggle-id-4' role='region' class='toggle_wrap  av-title-above'  ><div class='toggle_content invers-color '  itemprop=\"text\" ><p>Vous pouvez <strong>t\u00e9l\u00e9charger<\/strong> la liste de tous les produits sur la page actuelle sous diff\u00e9rents formats, la <strong>copier<\/strong>\u00a0ou\u00a0<strong>l\u2019imprimer<\/strong>.<\/p>\n<p>Il est \u00e9galement possible de choisir le nombre de produits affich\u00e9s par page.<\/p>\n<p>Ce t\u00e9l\u00e9chargement comportera certaines colonnes qui correspondent \u00e0 certaines caract\u00e9ristiques des produits, que vous pouvez choisir (plus d&rsquo;informations au point 6).<\/p>\n<\/div><\/div><\/div><\/section>\n<section class='av_toggle_section av-368xnb-fe8b36f9eef8199c05a0f62b34704226'  itemscope=\"itemscope\" itemtype=\"https:\/\/schema.org\/CreativeWork\" ><div role=\"tablist\" class=\"single_toggle\" data-tags=\"{Tout} \"  ><p id='toggle-toggle-id-5' data-fake-id='#toggle-id-5' class='toggler  av-title-above '  itemprop=\"headline\"  role='tab' tabindex='0' aria-controls='toggle-id-5' data-slide-speed=\"200\" data-title=\"5. D\u00e9tails produit\" data-title-open=\"\">5. D\u00e9tails produit<span class=\"toggle_icon\"><span class=\"vert_icon\"><\/span><span class=\"hor_icon\"><\/span><\/span><\/p><div id='toggle-id-5' aria-labelledby='toggle-toggle-id-5' role='region' class='toggle_wrap  av-title-above'  ><div class='toggle_content invers-color '  itemprop=\"text\" ><p>En cliquant sur un produit vous pourrez voir les d\u00e9tails de celui-ci pour\u00a0<strong>l&rsquo;imprimer, <\/strong>le <strong>t\u00e9l\u00e9charger<\/strong>, <strong>ajuster les stocks<\/strong>, le <strong>modifier<\/strong> et le <strong>supprimer<\/strong>.<\/p>\n<p><img loading=\"lazy\" decoding=\"async\" class=\"alignnone size-full wp-image-1959\" src=\"https:\/\/aide.nextore.fr\/wp-content\/uploads\/2023\/05\/4.1.1-Details.png\" alt=\"\" width=\"1920\" height=\"1080\" srcset=\"https:\/\/aide.nextore.fr\/wp-content\/uploads\/2023\/05\/4.1.1-Details.png 1920w, https:\/\/aide.nextore.fr\/wp-content\/uploads\/2023\/05\/4.1.1-Details-300x169.png 300w, https:\/\/aide.nextore.fr\/wp-content\/uploads\/2023\/05\/4.1.1-Details-1030x579.png 1030w, https:\/\/aide.nextore.fr\/wp-content\/uploads\/2023\/05\/4.1.1-Details-768x432.png 768w, https:\/\/aide.nextore.fr\/wp-content\/uploads\/2023\/05\/4.1.1-Details-1536x864.png 1536w, https:\/\/aide.nextore.fr\/wp-content\/uploads\/2023\/05\/4.1.1-Details-1500x844.png 1500w, https:\/\/aide.nextore.fr\/wp-content\/uploads\/2023\/05\/4.1.1-Details-705x397.png 705w\" sizes=\"(max-width: 1920px) 100vw, 1920px\" \/><\/p>\n<\/div><\/div><\/div><\/section>\n<section class='av_toggle_section av-368xnb-1-ed8a7e7e85444b6394fca42617e6bc49'  itemscope=\"itemscope\" itemtype=\"https:\/\/schema.org\/CreativeWork\" ><div role=\"tablist\" class=\"single_toggle\" data-tags=\"{Tout} \"  ><p id='toggle-toggle-id-6' data-fake-id='#toggle-id-6' class='toggler  av-title-above '  itemprop=\"headline\"  role='tab' tabindex='0' aria-controls='toggle-id-6' data-slide-speed=\"200\" data-title=\"6. Choisir les colonnes de caract\u00e9ristiques\" data-title-open=\"\">6. Choisir les colonnes de caract\u00e9ristiques<span class=\"toggle_icon\"><span class=\"vert_icon\"><\/span><span class=\"hor_icon\"><\/span><\/span><\/p><div id='toggle-id-6' aria-labelledby='toggle-toggle-id-6' role='region' class='toggle_wrap  av-title-above'  ><div class='toggle_content invers-color '  itemprop=\"text\" ><p>Vous pouvez choisir quelles colonnes apparaissent dans ce tableau afin d&rsquo;afficher certaines caract\u00e9ristiques ou non sur les produits. Pour cela vous pouvez <strong>cliquer<\/strong> sur les noms de colonnes en bleu qui sont en haut de la page pour choisir de les afficher ou non (si les noms de colonnes sont en gras alors les colonnes sont dans le tableau, sinon elles ne sont pas dans le tableau).<\/p>\n<\/div><\/div><\/div><\/section>\n<\/div><\/div>\n\n","protected":false},"excerpt":{"rendered":"","protected":false},"author":1,"featured_media":0,"parent":0,"menu_order":0,"comment_status":"closed","ping_status":"closed","template":"","meta":{"footnotes":""},"class_list":["post-3079","page","type-page","status-publish","hentry"],"_links":{"self":[{"href":"https:\/\/aide.nextore.fr\/index.php\/wp-json\/wp\/v2\/pages\/3079"}],"collection":[{"href":"https:\/\/aide.nextore.fr\/index.php\/wp-json\/wp\/v2\/pages"}],"about":[{"href":"https:\/\/aide.nextore.fr\/index.php\/wp-json\/wp\/v2\/types\/page"}],"author":[{"embeddable":true,"href":"https:\/\/aide.nextore.fr\/index.php\/wp-json\/wp\/v2\/users\/1"}],"replies":[{"embeddable":true,"href":"https:\/\/aide.nextore.fr\/index.php\/wp-json\/wp\/v2\/comments?post=3079"}],"version-history":[{"count":4,"href":"https:\/\/aide.nextore.fr\/index.php\/wp-json\/wp\/v2\/pages\/3079\/revisions"}],"predecessor-version":[{"id":3155,"href":"https:\/\/aide.nextore.fr\/index.php\/wp-json\/wp\/v2\/pages\/3079\/revisions\/3155"}],"wp:attachment":[{"href":"https:\/\/aide.nextore.fr\/index.php\/wp-json\/wp\/v2\/media?parent=3079"}],"curies":[{"name":"wp","href":"https:\/\/api.w.org\/{rel}","templated":true}]}}